{"id":956,"date":"2023-11-23T18:11:37","date_gmt":"2023-11-23T18:11:37","guid":{"rendered":"https:\/\/wspornik.org\/?page_id=956"},"modified":"2023-11-23T18:14:56","modified_gmt":"2023-11-23T18:14:56","slug":"opieka-nad-osoba-niesamodzielna","status":"publish","type":"page","link":"https:\/\/wspornik.org\/index.php\/opieka-nad-osoba-niesamodzielna\/","title":{"rendered":"Opieka nad osob\u0105 niesamodzieln\u0105"},"content":{"rendered":"\t\t<div data-elementor-type=\"wp-page\" data-elementor-id=\"956\" class=\"elementor elementor-956\" data-elementor-post-type=\"page\">\n\t\t\t\t\t\t<section class=\"elementor-section elementor-top-section elementor-element elementor-element-2b825b8 elementor-section-boxed elementor-section-height-default elementor-section-height-default\" data-id=\"2b825b8\" data-element_type=\"section\" data-e-type=\"section\">\n\t\t\t\t\t\t<div class=\"elementor-container elementor-column-gap-default\">\n\t\t\t\t\t<div class=\"aux-parallax-section elementor-column elementor-col-25 elementor-top-column elementor-element elementor-element-9bec751\" data-id=\"9bec751\" data-element_type=\"column\" data-e-type=\"column\" data-settings=\"{&quot;background_background&quot;:&quot;classic&quot;}\">\n\t\t\t<div class=\"elementor-widget-wrap elementor-element-populated\">\n\t\t\t\t\t\t<div class=\"elementor-element elementor-element-3197842 elementor-widget elementor-widget-image\" data-id=\"3197842\" data-element_type=\"widget\" data-e-type=\"widget\" data-widget_type=\"image.default\">\n\t\t\t\t<div class=\"elementor-widget-container\">\n\t\t\t\t\t\t\t\t\t\t\t\t\t\t\t<img fetchpriority=\"high\" decoding=\"async\" width=\"1167\" height=\"600\" src=\"https:\/\/wspornik.org\/wp-content\/uploads\/2023\/10\/bw66.png\" class=\"attachment-full size-full wp-image-736\" alt=\"ikona r\u0119ki nad kt\u00f3r\u0105 jest ikona osoby na w\u00f3zku i ikona seniora\" srcset=\"https:\/\/wspornik.org\/wp-content\/uploads\/2023\/10\/bw66.png 1167w, https:\/\/wspornik.org\/wp-content\/uploads\/2023\/10\/bw66-200x103.png 200w\" sizes=\"(max-width: 1167px) 100vw, 1167px\" \/>\t\t\t\t\t\t\t\t\t\t\t\t\t\t\t<\/div>\n\t\t\t\t<\/div>\n\t\t\t\t<div class=\"elementor-element elementor-element-76fc6bb elementor-widget__width-inherit elementor-widget elementor-widget-text-editor\" data-id=\"76fc6bb\" data-element_type=\"widget\" data-e-type=\"widget\" data-widget_type=\"text-editor.default\">\n\t\t\t\t<div class=\"elementor-widget-container\">\n\t\t\t\t\t\t\t\t\t<p>Przesadzanie pacjenta z \u0142\u00f3\u017cka na w\u00f3zek<\/p>\t\t\t\t\t\t\t\t<\/div>\n\t\t\t\t<\/div>\n\t\t\t\t<div class=\"elementor-element elementor-element-60abd71 elementor-align-right elementor-widget elementor-widget-button\" data-id=\"60abd71\" data-element_type=\"widget\" data-e-type=\"widget\" data-widget_type=\"button.default\">\n\t\t\t\t<div class=\"elementor-widget-container\">\n\t\t\t\t\t\t\t\t\t<div class=\"elementor-button-wrapper\">\n\t\t\t\t\t<a class=\"elementor-button elementor-button-link elementor-size-sm elementor-animation-grow\" href=\"https:\/\/wspornik.org\/index.php\/przesadzanie-pacjenta-z-lozka-na-wozek\/\">\n\t\t\t\t\t\t<span class=\"elementor-button-content-wrapper\">\n\t\t\t\t\t\t<span class=\"elementor-button-icon\">\n\t\t\t\t<i aria-hidden=\"true\" class=\"auxicon2 auxicon2-arrows-right-double-chevron\"><\/i>\t\t\t<\/span>\n\t\t\t\t\t\t\t\t\t<span class=\"elementor-button-text\">Zobacz wi\u0119cej<\/span>\n\t\t\t\t\t<\/span>\n\t\t\t\t\t<\/a>\n\t\t\t\t<\/div>\n\t\t\t\t\t\t\t\t<\/div>\n\t\t\t\t<\/div>\n\t\t\t\t\t<\/div>\n\t\t<\/div>\n\t\t\t\t<div class=\"aux-parallax-section elementor-column elementor-col-25 elementor-top-column elementor-element elementor-element-c2db9c7\" data-id=\"c2db9c7\" data-element_type=\"column\" data-e-type=\"column\" data-settings=\"{&quot;background_background&quot;:&quot;classic&quot;}\">\n\t\t\t<div class=\"elementor-widget-wrap elementor-element-populated\">\n\t\t\t\t\t\t<div class=\"elementor-element elementor-element-cee0d4e elementor-widget elementor-widget-image\" data-id=\"cee0d4e\" data-element_type=\"widget\" data-e-type=\"widget\" data-widget_type=\"image.default\">\n\t\t\t\t<div class=\"elementor-widget-container\">\n\t\t\t\t\t\t\t\t\t\t\t\t\t\t\t<img fetchpriority=\"high\" decoding=\"async\" width=\"1167\" height=\"600\" src=\"https:\/\/wspornik.org\/wp-content\/uploads\/2023\/10\/bw66.png\" class=\"attachment-full size-full wp-image-736\" alt=\"ikona r\u0119ki nad kt\u00f3r\u0105 jest ikona osoby na w\u00f3zku i ikona seniora\" srcset=\"https:\/\/wspornik.org\/wp-content\/uploads\/2023\/10\/bw66.png 1167w, https:\/\/wspornik.org\/wp-content\/uploads\/2023\/10\/bw66-200x103.png 200w\" sizes=\"(max-width: 1167px) 100vw, 1167px\" \/>\t\t\t\t\t\t\t\t\t\t\t\t\t\t\t<\/div>\n\t\t\t\t<\/div>\n\t\t\t\t<div class=\"elementor-element elementor-element-a6775ee elementor-widget__width-inherit elementor-widget elementor-widget-text-editor\" data-id=\"a6775ee\" data-element_type=\"widget\" data-e-type=\"widget\" data-widget_type=\"text-editor.default\">\n\t\t\t\t<div class=\"elementor-widget-container\">\n\t\t\t\t\t\t\t\t\t<div id=\"comp-knuev36z__item-knuf40tp\" class=\"BaOVQ8 tz5f0K comp-knuev36z wixui-rich-text\" data-testid=\"richTextElement\"><p class=\"font_7 wixui-rich-text__text\"><span class=\"wixui-rich-text__text\">Pionizacja chorego przy pomocy balkonika<\/span><\/p><\/div>\t\t\t\t\t\t\t\t<\/div>\n\t\t\t\t<\/div>\n\t\t\t\t<div class=\"elementor-element elementor-element-c42980f elementor-align-right elementor-widget elementor-widget-button\" data-id=\"c42980f\" data-element_type=\"widget\" data-e-type=\"widget\" data-widget_type=\"button.default\">\n\t\t\t\t<div class=\"elementor-widget-container\">\n\t\t\t\t\t\t\t\t\t<div class=\"elementor-button-wrapper\">\n\t\t\t\t\t<a class=\"elementor-button elementor-button-link elementor-size-sm elementor-animation-grow\" href=\"https:\/\/wspornik.org\/index.php\/pionizacja-chorego-przy-pomocy-balkonika\/\">\n\t\t\t\t\t\t<span class=\"elementor-button-content-wrapper\">\n\t\t\t\t\t\t<span class=\"elementor-button-icon\">\n\t\t\t\t<i aria-hidden=\"true\" class=\"auxicon2 auxicon2-arrows-right-double-chevron\"><\/i>\t\t\t<\/span>\n\t\t\t\t\t\t\t\t\t<span class=\"elementor-button-text\">Zobacz wi\u0119cej<\/span>\n\t\t\t\t\t<\/span>\n\t\t\t\t\t<\/a>\n\t\t\t\t<\/div>\n\t\t\t\t\t\t\t\t<\/div>\n\t\t\t\t<\/div>\n\t\t\t\t\t<\/div>\n\t\t<\/div>\n\t\t\t\t<div class=\"aux-parallax-section elementor-column elementor-col-25 elementor-top-column elementor-element elementor-element-a308e24\" data-id=\"a308e24\" data-element_type=\"column\" data-e-type=\"column\" data-settings=\"{&quot;background_background&quot;:&quot;classic&quot;}\">\n\t\t\t<div class=\"elementor-widget-wrap elementor-element-populated\">\n\t\t\t\t\t\t<div class=\"elementor-element elementor-element-e2454ff elementor-widget elementor-widget-image\" data-id=\"e2454ff\" data-element_type=\"widget\" data-e-type=\"widget\" data-widget_type=\"image.default\">\n\t\t\t\t<div class=\"elementor-widget-container\">\n\t\t\t\t\t\t\t\t\t\t\t\t\t\t\t<img fetchpriority=\"high\" decoding=\"async\" width=\"1167\" height=\"600\" src=\"https:\/\/wspornik.org\/wp-content\/uploads\/2023\/10\/bw66.png\" class=\"attachment-full size-full wp-image-736\" alt=\"ikona r\u0119ki nad kt\u00f3r\u0105 jest ikona osoby na w\u00f3zku i ikona seniora\" srcset=\"https:\/\/wspornik.org\/wp-content\/uploads\/2023\/10\/bw66.png 1167w, https:\/\/wspornik.org\/wp-content\/uploads\/2023\/10\/bw66-200x103.png 200w\" sizes=\"(max-width: 1167px) 100vw, 1167px\" \/>\t\t\t\t\t\t\t\t\t\t\t\t\t\t\t<\/div>\n\t\t\t\t<\/div>\n\t\t\t\t<div class=\"elementor-element elementor-element-990e07b elementor-widget__width-inherit elementor-widget elementor-widget-text-editor\" data-id=\"990e07b\" data-element_type=\"widget\" data-e-type=\"widget\" data-widget_type=\"text-editor.default\">\n\t\t\t\t<div class=\"elementor-widget-container\">\n\t\t\t\t\t\t\t\t\t<div id=\"comp-knuev36z__item-knuf42r1\" class=\"BaOVQ8 tz5f0K comp-knuev36z wixui-rich-text\" data-testid=\"richTextElement\"><p class=\"font_7 wixui-rich-text__text\"><span class=\"wixui-rich-text__text\">Toaleta jamy ustnej<\/span><\/p><\/div><div id=\"comp-knuexg97__item-knuf42r1\" class=\"comp-knuexg97 R6ex7N\" aria-disabled=\"false\">\u00a0<\/div>\t\t\t\t\t\t\t\t<\/div>\n\t\t\t\t<\/div>\n\t\t\t\t<div class=\"elementor-element elementor-element-08acc2e elementor-align-right elementor-widget elementor-widget-button\" data-id=\"08acc2e\" data-element_type=\"widget\" data-e-type=\"widget\" data-widget_type=\"button.default\">\n\t\t\t\t<div class=\"elementor-widget-container\">\n\t\t\t\t\t\t\t\t\t<div class=\"elementor-button-wrapper\">\n\t\t\t\t\t<a class=\"elementor-button elementor-button-link elementor-size-sm elementor-animation-grow\" href=\"https:\/\/wspornik.org\/index.php\/toaleta-jamy-ustnej\/\">\n\t\t\t\t\t\t<span class=\"elementor-button-content-wrapper\">\n\t\t\t\t\t\t<span class=\"elementor-button-icon\">\n\t\t\t\t<i aria-hidden=\"true\" class=\"auxicon2 auxicon2-arrows-right-double-chevron\"><\/i>\t\t\t<\/span>\n\t\t\t\t\t\t\t\t\t<span class=\"elementor-button-text\">Zobacz wi\u0119cej<\/span>\n\t\t\t\t\t<\/span>\n\t\t\t\t\t<\/a>\n\t\t\t\t<\/div>\n\t\t\t\t\t\t\t\t<\/div>\n\t\t\t\t<\/div>\n\t\t\t\t\t<\/div>\n\t\t<\/div>\n\t\t\t\t<div class=\"aux-parallax-section elementor-column elementor-col-25 elementor-top-column elementor-element elementor-element-3eb243e\" data-id=\"3eb243e\" data-element_type=\"column\" data-e-type=\"column\" data-settings=\"{&quot;background_background&quot;:&quot;classic&quot;}\">\n\t\t\t<div class=\"elementor-widget-wrap elementor-element-populated\">\n\t\t\t\t\t\t<div class=\"elementor-element elementor-element-4e210ef elementor-widget elementor-widget-image\" data-id=\"4e210ef\" data-element_type=\"widget\" data-e-type=\"widget\" data-widget_type=\"image.default\">\n\t\t\t\t<div class=\"elementor-widget-container\">\n\t\t\t\t\t\t\t\t\t\t\t\t\t\t\t<img fetchpriority=\"high\" decoding=\"async\" width=\"1167\" height=\"600\" src=\"https:\/\/wspornik.org\/wp-content\/uploads\/2023\/10\/bw66.png\" class=\"attachment-full size-full wp-image-736\" alt=\"ikona r\u0119ki nad kt\u00f3r\u0105 jest ikona osoby na w\u00f3zku i ikona seniora\" srcset=\"https:\/\/wspornik.org\/wp-content\/uploads\/2023\/10\/bw66.png 1167w, https:\/\/wspornik.org\/wp-content\/uploads\/2023\/10\/bw66-200x103.png 200w\" sizes=\"(max-width: 1167px) 100vw, 1167px\" \/>\t\t\t\t\t\t\t\t\t\t\t\t\t\t\t<\/div>\n\t\t\t\t<\/div>\n\t\t\t\t<div class=\"elementor-element elementor-element-f10e2d0 elementor-widget__width-inherit elementor-widget elementor-widget-text-editor\" data-id=\"f10e2d0\" data-element_type=\"widget\" data-e-type=\"widget\" data-widget_type=\"text-editor.default\">\n\t\t\t\t<div class=\"elementor-widget-container\">\n\t\t\t\t\t\t\t\t\t<div id=\"comp-knuev36z__item-j9r9uz7e\" class=\"BaOVQ8 tz5f0K comp-knuev36z wixui-rich-text\" data-testid=\"richTextElement\"><p class=\"font_7 wixui-rich-text__text\"><span class=\"wixui-rich-text__text\">Przenoszenie pacjenta po przebytym udarze m\u00f3zgu z w\u00f3zka na \u0142\u00f3\u017cko<\/span><\/p><\/div>\t\t\t\t\t\t\t\t<\/div>\n\t\t\t\t<\/div>\n\t\t\t\t<div class=\"elementor-element elementor-element-d0f6c0d elementor-align-right elementor-widget elementor-widget-button\" data-id=\"d0f6c0d\" data-element_type=\"widget\" data-e-type=\"widget\" data-widget_type=\"button.default\">\n\t\t\t\t<div class=\"elementor-widget-container\">\n\t\t\t\t\t\t\t\t\t<div class=\"elementor-button-wrapper\">\n\t\t\t\t\t<a class=\"elementor-button elementor-button-link elementor-size-sm elementor-animation-grow\" href=\"https:\/\/wspornik.org\/index.php\/przenoszenie-pacjenta-po-przebytym-udarze-mozgu-z-wozka-na-lozko\/\">\n\t\t\t\t\t\t<span class=\"elementor-button-content-wrapper\">\n\t\t\t\t\t\t<span class=\"elementor-button-icon\">\n\t\t\t\t<i aria-hidden=\"true\" class=\"auxicon2 auxicon2-arrows-right-double-chevron\"><\/i>\t\t\t<\/span>\n\t\t\t\t\t\t\t\t\t<span class=\"elementor-button-text\">Zobacz wi\u0119cej<\/span>\n\t\t\t\t\t<\/span>\n\t\t\t\t\t<\/a>\n\t\t\t\t<\/div>\n\t\t\t\t\t\t\t\t<\/div>\n\t\t\t\t<\/div>\n\t\t\t\t\t<\/div>\n\t\t<\/div>\n\t\t\t\t\t<\/div>\n\t\t<\/section>\n\t\t\t\t<\/div>\n\t\t","protected":false},"excerpt":{"rendered":"<p>Przesadzanie pacjenta z \u0142\u00f3\u017cka na w\u00f3zek Zobacz wi\u0119cej Pionizacja chorego przy pomocy balkonika Zobacz wi\u0119cej Toaleta jamy ustnej \u00a0 Zobacz wi\u0119cej Przenoszenie pacjenta po przebytym udarze m\u00f3zgu z w\u00f3zka na \u0142\u00f3\u017cko Zobacz wi\u0119cej<\/p>\n","protected":false},"author":1,"featured_media":0,"parent":0,"menu_order":0,"comment_status":"closed","ping_status":"closed","template":"","meta":{"footnotes":""},"class_list":["post-956","page","type-page","status-publish","hentry"],"_links":{"self":[{"href":"https:\/\/wspornik.org\/index.php\/wp-json\/wp\/v2\/pages\/956","targetHints":{"allow":["GET"]}}],"collection":[{"href":"https:\/\/wspornik.org\/index.php\/wp-json\/wp\/v2\/pages"}],"about":[{"href":"https:\/\/wspornik.org\/index.php\/wp-json\/wp\/v2\/types\/page"}],"author":[{"embeddable":true,"href":"https:\/\/wspornik.org\/index.php\/wp-json\/wp\/v2\/users\/1"}],"replies":[{"embeddable":true,"href":"https:\/\/wspornik.org\/index.php\/wp-json\/wp\/v2\/comments?post=956"}],"version-history":[{"count":4,"href":"https:\/\/wspornik.org\/index.php\/wp-json\/wp\/v2\/pages\/956\/revisions"}],"predecessor-version":[{"id":960,"href":"https:\/\/wspornik.org\/index.php\/wp-json\/wp\/v2\/pages\/956\/revisions\/960"}],"wp:attachment":[{"href":"https:\/\/wspornik.org\/index.php\/wp-json\/wp\/v2\/media?parent=956"}],"curies":[{"name":"wp","href":"https:\/\/api.w.org\/{rel}","templated":true}]}}