{"id":953,"date":"2023-11-23T18:11:11","date_gmt":"2023-11-23T18:11:11","guid":{"rendered":"https:\/\/wspornik.org\/?page_id=953"},"modified":"2023-11-23T18:11:11","modified_gmt":"2023-11-23T18:11:11","slug":"przenoszenie-pacjenta-po-przebytym-udarze-mozgu-z-wozka-na-lozko","status":"publish","type":"page","link":"https:\/\/wspornik.org\/index.php\/przenoszenie-pacjenta-po-przebytym-udarze-mozgu-z-wozka-na-lozko\/","title":{"rendered":"Przenoszenie pacjenta po przebytym udarze m\u00f3zgu z w\u00f3zka na \u0142\u00f3\u017cko"},"content":{"rendered":"\n<p>Post\u0119powanie z pacjentem po udarze m\u00f3zgu jest inne ni\u017c w przypadku osoby niemobilnej z innych przyczyn chorobowych. Pacjenta po udarze m\u00f3zgu z niedow\u0142adem jednostronnym przesadzamy zawsze w ten spos\u00f3b, by strona zdrowa przylega\u0142a do \u0142\u00f3\u017cka. Identycznie post\u0119pujemy w sytuacji przesadzania z \u0142\u00f3\u017cka na w\u00f3zek (dostawiamy w\u00f3zek od strony zdrowej pacjenta). Wa\u017cne jest, aby zar\u00f3wno opiekun jak i pacjent mieli odpowiednie obuwie (najlepiej stabilnie przylegaj\u0105ce do stopy, z zakryt\u0105 pi\u0119t\u0105, z gumow\u0105\/antypo\u015blizgow\u0105 podeszw\u0105). W trakcie przesadzania zach\u0119camy pacjenta do wsp\u00f3\u0142pracy we wszystkich czynno\u015bciach, kt\u00f3re jest w stanie wykona\u0107 samodzielnie.<\/p>\n\n\n\n<p>Jak to zrobi\u0107?<\/p>\n\n\n\n<ol class=\"wp-block-list\">\n<li>Dostosowujemy wysoko\u015b\u0107 \u0142\u00f3\u017cka do wysoko\u015bci w\u00f3zka, by przy przenoszeniu biodra pacjenta przesuwa\u0142y si\u0119 wzd\u0142u\u017c p\u0142ynnej linii poziomej.<\/li>\n\n\n\n<li>Ko\u0144czyn\u0119 g\u00f3rn\u0105 z niedow\u0142adem wk\u0142adamy za pasek spodni tak, aby nie przeszkadza\u0142a w przesadzaniu.<\/li>\n\n\n\n<li>Ustawiamy pacjenta w w\u00f3zku stron\u0105 zdrow\u0105 do \u0142\u00f3\u017cka i blokujemy w\u00f3zek, zaciskaj\u0105c hamulce z przodu obu k\u00f3\u0142.<\/li>\n\n\n\n<li>Usuwamy na boki podn\u00f3\u017cki, by stworzy\u0107 wi\u0119cej przestrzeni dla st\u00f3p i pomagamy pacjentowi ustawi\u0107 stopy stabilnie na pod\u0142o\u017cu.<\/li>\n\n\n\n<li>Podnosimy pod\u0142okietnik od strony \u0142\u00f3\u017cka.<\/li>\n\n\n\n<li>Pomagamy pacjentowi przesun\u0105\u0107 si\u0119 do przodu, na kraw\u0119d\u017a w\u00f3zka.<\/li>\n\n\n\n<li>Ustawiamy pacjenta pod skosem, by plecami by\u0142 zwr\u00f3cony w stron\u0119 \u0142\u00f3\u017cka.<\/li>\n\n\n\n<li>Chwytamy pacjenta w okolicy bioder, prosimy, by nas obj\u0105\u0142 zdrow\u0105 r\u0119k\u0105 za plecy (uwaga: nigdy za szyj\u0119!) i trzyma\u0142 si\u0119 stabilnie w trakcie przesadzania.<\/li>\n\n\n\n<li>Blokujemy kolana pacjenta w\u0142asnymi ugi\u0119tymi kolanami, prostujemy kr\u0119gos\u0142up.<\/li>\n\n\n\n<li>Przenosimy pacjenta, ca\u0142y czas kontroluj\u0105c zgi\u0119cie w kolanach i wyprost kr\u0119gos\u0142upa (zw\u0142aszcza okolica l\u0119d\u017awiowa!). Mo\u017cemy da\u0107 pacjentowi komend\u0119 s\u0142own\u0105 (Np. \u201ePrzesiadamy si\u0119 na 3\u201d), by zaanga\u017cowa\u0107 go w momencie przesadzania, tym samym czyni\u0105c przemieszczanie bardziej ergonomicznym.<\/li>\n\n\n\n<li><\/li>\n<\/ol>\n\n\n\n<figure class=\"wp-block-embed is-type-rich is-provider-obs-uga-osadzania wp-block-embed-obs-uga-osadzania\"><div class=\"wp-block-embed__wrapper\">\nhttps:\/\/youtube.com\/watch?v=8k_YYHSbAEY%3Fautoplay%3D0%26mute%3D0%26controls%3D1%26loop%3D0%26origin%3Dhttps%253A%252F%252Fwww.wspornik.org%26playsinline%3D1%26enablejsapi%3D1%26widgetid%3D7\n<\/div><\/figure>\n\n\n\n<p>Praktyczny poradnik opieki nad przewlekle chorym zrealizowany w ramach projektu &#8222;Poprawa ochrony zdrowia os\u00f3b starszych, niesamodzielnych i przewlekle chorych z \u017bar, Lubska i pozosta\u0142ego obszaru po\u0142udniowej cz\u0119\u015bci woj. Lubuskiego\u201d dofinansowanego z Mechanizmu Finansowego EOG oraz Norweskiego Mechanizmu Finansowego 2009-2014 Wi\u0119cej informacji na stronie:&nbsp;<a href=\"https:\/\/www.youtube.com\/redirect?event=video_description&amp;redir_token=QUFFLUhqblBZcHdLSVVRMVpYZC1iLUtOQVA2UEVrTi1KZ3xBQ3Jtc0trNERxem9YbFJ4VWg4TzJvY2RnZkNTNDZkNFlsLVhIbEhsa2tBNUF3c0dmdXdLczc2QUdkamwydW5zMm1fNDJLd1N1SWNQUS1NYTJtQl9TbmhJUmhudUNNSUpFblpIUTQ5YUpUbDRBdjdnWUlQMTlIVQ&amp;q=http%3A%2F%2Fwww.szpitalnawyspie.pl%2F\" target=\"_blank\" rel=\"noreferrer noopener\">http:\/\/www.szpitalnawyspie.pl\/<\/a><\/p>\n","protected":false},"excerpt":{"rendered":"<p>Post\u0119powanie z pacjentem po udarze m\u00f3zgu jest inne ni\u017c w przypadku osoby niemobilnej z innych przyczyn chorobowych. Pacjenta po udarze m\u00f3zgu z niedow\u0142adem jednostronnym przesadzamy zawsze w ten spos\u00f3b, by strona zdrowa przylega\u0142a do \u0142\u00f3\u017cka. Identycznie post\u0119pujemy w sytuacji przesadzania z \u0142\u00f3\u017cka na w\u00f3zek (dostawiamy w\u00f3zek od strony zdrowej pacjenta). Wa\u017cne jest, aby zar\u00f3wno opiekun [&hellip;]<\/p>\n","protected":false},"author":1,"featured_media":0,"parent":0,"menu_order":0,"comment_status":"closed","ping_status":"closed","template":"","meta":{"footnotes":""},"class_list":["post-953","page","type-page","status-publish","hentry"],"_links":{"self":[{"href":"https:\/\/wspornik.org\/index.php\/wp-json\/wp\/v2\/pages\/953","targetHints":{"allow":["GET"]}}],"collection":[{"href":"https:\/\/wspornik.org\/index.php\/wp-json\/wp\/v2\/pages"}],"about":[{"href":"https:\/\/wspornik.org\/index.php\/wp-json\/wp\/v2\/types\/page"}],"author":[{"embeddable":true,"href":"https:\/\/wspornik.org\/index.php\/wp-json\/wp\/v2\/users\/1"}],"replies":[{"embeddable":true,"href":"https:\/\/wspornik.org\/index.php\/wp-json\/wp\/v2\/comments?post=953"}],"version-history":[{"count":1,"href":"https:\/\/wspornik.org\/index.php\/wp-json\/wp\/v2\/pages\/953\/revisions"}],"predecessor-version":[{"id":955,"href":"https:\/\/wspornik.org\/index.php\/wp-json\/wp\/v2\/pages\/953\/revisions\/955"}],"wp:attachment":[{"href":"https:\/\/wspornik.org\/index.php\/wp-json\/wp\/v2\/media?parent=953"}],"curies":[{"name":"wp","href":"https:\/\/api.w.org\/{rel}","templated":true}]}}