{"id":945,"date":"2023-11-23T18:06:54","date_gmt":"2023-11-23T18:06:54","guid":{"rendered":"https:\/\/wspornik.org\/?page_id=945"},"modified":"2023-11-23T18:06:55","modified_gmt":"2023-11-23T18:06:55","slug":"przesadzanie-pacjenta-z-lozka-na-wozek","status":"publish","type":"page","link":"https:\/\/wspornik.org\/index.php\/przesadzanie-pacjenta-z-lozka-na-wozek\/","title":{"rendered":"Przesadzanie pacjenta z \u0142\u00f3\u017cka na w\u00f3zek"},"content":{"rendered":"\n<p>Wa\u017cne jest, aby zar\u00f3wno opiekun jak i pacjent mieli odpowiednie obuwie (najlepiej stabilnie przylegaj\u0105ce do stopy, z zakryt\u0105 pi\u0119t\u0105, z gumow\u0105\/antypo\u015blizgow\u0105 podeszw\u0105). W trakcie przesadzania zach\u0119camy pacjenta do wsp\u00f3\u0142pracy we wszystkich czynno\u015bciach, kt\u00f3re jest w stanie wykona\u0107 samodzielnie.<\/p>\n\n\n\n<p>\u200b<\/p>\n\n\n\n<p>Jak to zrobi\u0107?<\/p>\n\n\n\n<ol class=\"wp-block-list\">\n<li>Przygotowujemy w\u00f3zek inwalidzki ustawiaj\u0105c go r\u00f3wnolegle z \u0142\u00f3\u017ckiem, opuszczamy barierk\u0119 \u0142\u00f3\u017cka i przygotowujemy pacjenta do u\u0142o\u017cenia na boku.<\/li>\n\n\n\n<li>(Uwaga: nie chwytamy pacjenta za r\u0119ce ani pod pachy.) Ko\u0144czyn\u0119 g\u00f3rn\u0105 pacjenta od naszej strony unosimy do g\u00f3ry, dodatkowo zginamy ko\u0144czyn\u0119 doln\u0105 po przeciwnej stronie. Chwytaj\u0105c pacjenta za rami\u0119 i biodro pomagamy mu w obrocie na bok.<\/li>\n\n\n\n<li>Chwytamy chorego pod \u0142opatk\u0119 i pomagamy w przej\u015bciu do pozycji siedz\u0105cej z &nbsp;opuszczeniem poza \u0142\u00f3\u017cko jego ko\u0144czyn dolnych. (W trakcie ruchu pami\u0119tajmy o wyprostowanym kr\u0119gos\u0142upie, ugi\u0119tych kolanach.) Pacjent w chwili podnoszenia mo\u017ce nam pom\u00f3c podpieraj\u0105c si\u0119 zdrow\u0105 r\u0119k\u0105.<\/li>\n\n\n\n<li>Zak\u0142adamy pacjentowi obuwie i pomagamy mu ustawi\u0107 stopy stabilnie na pod\u0142o\u017cu (w tym celu mo\u017cna u\u017cy\u0107 pilota i dostosowa\u0107 odpowiednio wysoko\u015b\u0107 \u0142\u00f3\u017cka).<\/li>\n\n\n\n<li>Blokujemy w\u00f3zek, zaciskaj\u0105c hamulce z przodu obu k\u00f3\u0142, odsuwamy podn\u00f3\u017cki na boki i unosimy pod\u0142okietnik.<\/li>\n\n\n\n<li>Pomagamy pacjentowi przesun\u0105\u0107 si\u0119 do przodu, na kraw\u0119d\u017a \u0142\u00f3\u017cka, blokuj\u0105c jego kolana w\u0142asnymi kolanami. Mo\u017cemy usadowi\u0107 pacjenta lekko pod skosem, by plecami by\u0142 zwr\u00f3cony do w\u00f3zka. Dostosowujemy wysoko\u015b\u0107 \u0142\u00f3\u017cka do wysoko\u015bci w\u00f3zka, by przy przesadzaniu biodra pacjenta przesuwa\u0142y si\u0119 wzd\u0142u\u017c p\u0142ynnej linii poziomej.<\/li>\n\n\n\n<li>Prosimy pacjenta, by obj\u0105\u0142 nas za barki (uwaga: nigdy za szyj\u0119!) i trzyma\u0142 si\u0119 stabilnie w trakcie przesadzania, a my chwytamy go w okolicy bioder.<\/li>\n\n\n\n<li>Przesadzamy pacjenta, ca\u0142y czas kontroluj\u0105c zgi\u0119cie w kolanach i wyprost kr\u0119gos\u0142upa (zw\u0142aszcza okolica l\u0119d\u017awiowa!). Mo\u017cemy da\u0107 pacjentowi komend\u0119 s\u0142own\u0105 (Np. \u201ePrzesiadamy si\u0119 na 3\u201d), by zaanga\u017cowa\u0107 go w momencie przesadzania, tym samym czyni\u0105c przemieszczanie bardziej ergonomicznym.<\/li>\n\n\n\n<li>Upewniamy si\u0119, \u017ce pacjent wygodnie siedzi w w\u00f3zku, opuszczamy pod\u0142okietnik i podsuwamy podn\u00f3\u017cki.<\/li>\n<\/ol>\n\n\n\n<p>https:\/\/youtube.com\/watch?v=MfjUG430W0A%3Fautoplay%3D0%26mute%3D0%26controls%3D1%26loop%3D0%26origin%3Dhttps%253A%252F%252Fwww.wspornik.org%26playsinline%3D1%26enablejsapi%3D1%26widgetid%3D1<\/p>\n\n\n\n<p>Praktyczny poradnik opieki nad przewlekle chorym zrealizowany w ramach projektu &#8222;Poprawa ochrony zdrowia os\u00f3b starszych, niesamodzielnych i przewlekle chorych z \u017bar, Lubska i pozosta\u0142ego obszaru po\u0142udniowej cz\u0119\u015bci woj. Lubuskiego\u201d dofinansowanego z Mechanizmu Finansowego EOG oraz Norweskiego Mechanizmu Finansowego 2009-2014 Wi\u0119cej informacji na stronie:&nbsp;<a href=\"https:\/\/www.youtube.com\/redirect?event=video_description&amp;redir_token=QUFFLUhqblBZcHdLSVVRMVpYZC1iLUtOQVA2UEVrTi1KZ3xBQ3Jtc0trNERxem9YbFJ4VWg4TzJvY2RnZkNTNDZkNFlsLVhIbEhsa2tBNUF3c0dmdXdLczc2QUdkamwydW5zMm1fNDJLd1N1SWNQUS1NYTJtQl9TbmhJUmhudUNNSUpFblpIUTQ5YUpUbDRBdjdnWUlQMTlIVQ&amp;q=http%3A%2F%2Fwww.szpitalnawyspie.pl%2F\" target=\"_blank\" rel=\"noreferrer noopener\">http:\/\/www.szpitalnawyspie.pl\/<\/a><\/p>\n","protected":false},"excerpt":{"rendered":"<p>Wa\u017cne jest, aby zar\u00f3wno opiekun jak i pacjent mieli odpowiednie obuwie (najlepiej stabilnie przylegaj\u0105ce do stopy, z zakryt\u0105 pi\u0119t\u0105, z gumow\u0105\/antypo\u015blizgow\u0105 podeszw\u0105). W trakcie przesadzania zach\u0119camy pacjenta do wsp\u00f3\u0142pracy we wszystkich czynno\u015bciach, kt\u00f3re jest w stanie wykona\u0107 samodzielnie. \u200b Jak to zrobi\u0107? https:\/\/youtube.com\/watch?v=MfjUG430W0A%3Fautoplay%3D0%26mute%3D0%26controls%3D1%26loop%3D0%26origin%3Dhttps%253A%252F%252Fwww.wspornik.org%26playsinline%3D1%26enablejsapi%3D1%26widgetid%3D1 Praktyczny poradnik opieki nad przewlekle chorym zrealizowany w ramach projektu &#8222;Poprawa ochrony [&hellip;]<\/p>\n","protected":false},"author":1,"featured_media":0,"parent":0,"menu_order":0,"comment_status":"closed","ping_status":"closed","template":"","meta":{"footnotes":""},"class_list":["post-945","page","type-page","status-publish","hentry"],"_links":{"self":[{"href":"https:\/\/wspornik.org\/index.php\/wp-json\/wp\/v2\/pages\/945","targetHints":{"allow":["GET"]}}],"collection":[{"href":"https:\/\/wspornik.org\/index.php\/wp-json\/wp\/v2\/pages"}],"about":[{"href":"https:\/\/wspornik.org\/index.php\/wp-json\/wp\/v2\/types\/page"}],"author":[{"embeddable":true,"href":"https:\/\/wspornik.org\/index.php\/wp-json\/wp\/v2\/users\/1"}],"replies":[{"embeddable":true,"href":"https:\/\/wspornik.org\/index.php\/wp-json\/wp\/v2\/comments?post=945"}],"version-history":[{"count":1,"href":"https:\/\/wspornik.org\/index.php\/wp-json\/wp\/v2\/pages\/945\/revisions"}],"predecessor-version":[{"id":946,"href":"https:\/\/wspornik.org\/index.php\/wp-json\/wp\/v2\/pages\/945\/revisions\/946"}],"wp:attachment":[{"href":"https:\/\/wspornik.org\/index.php\/wp-json\/wp\/v2\/media?parent=945"}],"curies":[{"name":"wp","href":"https:\/\/api.w.org\/{rel}","templated":true}]}}