{"id":939,"date":"2023-11-23T18:04:44","date_gmt":"2023-11-23T18:04:44","guid":{"rendered":"https:\/\/wspornik.org\/?page_id=939"},"modified":"2023-11-23T18:04:50","modified_gmt":"2023-11-23T18:04:50","slug":"mops-2","status":"publish","type":"page","link":"https:\/\/wspornik.org\/index.php\/mops-2\/","title":{"rendered":"MOPS"},"content":{"rendered":"\n<p><strong>Miejski O\u015brodek Pomocy Spo\u0142ecznej w Krakowie<\/strong><br>ul. J\u00f3zefi\u0144ska 14.<br>31-529 Krak\u00f3w<\/p>\n\n\n\n<p>Telefon: 12 616 54 27<br>Email: do@mops.krakow.pl<\/p>\n\n\n\n<p><\/p>\n\n\n\n<p><\/p>\n\n\n\n<p><strong>Znajd\u017a sw\u00f3j MOPS&nbsp;<\/strong><\/p>\n\n\n\n<p>Je\u015bli chcesz znale\u017a\u0107 fili\u0119 MOPS najbli\u017cej Twojego miejsca zamieszkania, kliknij&nbsp;<a href=\"https:\/\/mops.krakow.pl\/212366,artykul,znajdz_filie.html\" target=\"_blank\" rel=\"noreferrer noopener\">tutaj<\/a>, \u2028a nast\u0119pnie wpisz w okienko nazw\u0119 ulicy, przy kt\u00f3rej mieszkasz i kliknij szukaj.<\/p>\n\n\n\n<p>Spr\u00f3buj, to bardzo proste!<\/p>\n","protected":false},"excerpt":{"rendered":"<p>Miejski O\u015brodek Pomocy Spo\u0142ecznej w Krakowieul. J\u00f3zefi\u0144ska 14.31-529 Krak\u00f3w Telefon: 12 616 54 27Email: do@mops.krakow.pl Znajd\u017a sw\u00f3j MOPS&nbsp; Je\u015bli chcesz znale\u017a\u0107 fili\u0119 MOPS najbli\u017cej Twojego miejsca zamieszkania, kliknij&nbsp;tutaj, \u2028a nast\u0119pnie wpisz w okienko nazw\u0119 ulicy, przy kt\u00f3rej mieszkasz i kliknij szukaj. Spr\u00f3buj, to bardzo proste!<\/p>\n","protected":false},"author":1,"featured_media":0,"parent":0,"menu_order":0,"comment_status":"closed","ping_status":"closed","template":"","meta":{"footnotes":""},"class_list":["post-939","page","type-page","status-publish","hentry"],"_links":{"self":[{"href":"https:\/\/wspornik.org\/index.php\/wp-json\/wp\/v2\/pages\/939","targetHints":{"allow":["GET"]}}],"collection":[{"href":"https:\/\/wspornik.org\/index.php\/wp-json\/wp\/v2\/pages"}],"about":[{"href":"https:\/\/wspornik.org\/index.php\/wp-json\/wp\/v2\/types\/page"}],"author":[{"embeddable":true,"href":"https:\/\/wspornik.org\/index.php\/wp-json\/wp\/v2\/users\/1"}],"replies":[{"embeddable":true,"href":"https:\/\/wspornik.org\/index.php\/wp-json\/wp\/v2\/comments?post=939"}],"version-history":[{"count":2,"href":"https:\/\/wspornik.org\/index.php\/wp-json\/wp\/v2\/pages\/939\/revisions"}],"predecessor-version":[{"id":941,"href":"https:\/\/wspornik.org\/index.php\/wp-json\/wp\/v2\/pages\/939\/revisions\/941"}],"wp:attachment":[{"href":"https:\/\/wspornik.org\/index.php\/wp-json\/wp\/v2\/media?parent=939"}],"curies":[{"name":"wp","href":"https:\/\/api.w.org\/{rel}","templated":true}]}}