{"id":918,"date":"2023-11-23T17:52:57","date_gmt":"2023-11-23T17:52:57","guid":{"rendered":"https:\/\/wspornik.org\/?page_id=918"},"modified":"2023-11-23T17:52:58","modified_gmt":"2023-11-23T17:52:58","slug":"alternatywne-sposoby-komunikacji-z-niemowiaca-osoba-chora","status":"publish","type":"page","link":"https:\/\/wspornik.org\/index.php\/alternatywne-sposoby-komunikacji-z-niemowiaca-osoba-chora\/","title":{"rendered":"Alternatywne sposoby komunikacji z niem\u00f3wi\u0105c\u0105 osob\u0105 chor\u0105"},"content":{"rendered":"\n<p>Porozumiewaj\u0105c si\u0119 mi\u0119dzy sob\u0105 u\u017cywamy j\u0119zyka werbalnego, czyli m\u00f3wionego oraz komunikacji niewerbalnej, na kt\u00f3r\u0105 sk\u0142ada si\u0119 nasza mowa cia\u0142a (m.in. gesty, mimika, postawa cia\u0142a). Opiekuj\u0105c si\u0119 osob\u0105 chor\u0105, kt\u00f3ra nie m\u00f3wi zapominamy jednak o tym, \u017ce j\u0119zyk stanowi tylko 7% ca\u0142ej naszej komunikacji. Popatrzmy na osoby G\u0142uche, kt\u00f3re na co dzie\u0144 pos\u0142uguj\u0105 si\u0119 j\u0119zykiem wizualno-przestrzennym, zwanym Polskim J\u0119zykiem Migowym (PJM). Ogromn\u0105 rol\u0119 w ich komunikacji odgrywaj\u0105 r\u0119ce i mimika twarzy.[1]\n\n\n\n<p>Warto wi\u0119c pami\u0119ta\u0107, \u017ce mo\u017cliwo\u015b\u0107 porozumienia z osob\u0105 chor\u0105, kt\u00f3ra nie m\u00f3wi, zapewniaj\u0105 gesty, spojrzenie, wyraz twarzy, czy spos\u00f3b poruszania si\u0119. Dzi\u0119ki takiemu przekazowi informacja mo\u017ce dociera\u0107 od opiekuna\/opiekunki do chorego\/chorej i w drug\u0105 stron\u0119.<\/p>\n\n\n\n<p>Kontakt z chorym\/chor\u0105 mo\u017ce u\u0142atwi\u0107:<\/p>\n\n\n\n<p>\u200b<\/p>\n\n\n\n<ul class=\"wp-block-list\">\n<li>empatia, czyli wsp\u00f3\u0142odczuwanie,<\/li>\n\n\n\n<li>kontakt wzrokowy, daj\u0105cy poczucie bezpiecze\u0144stwa oraz mo\u017cliwo\u015b\u0107 odczytywania s\u0142\u00f3w z ruchu warg,<\/li>\n\n\n\n<li>obserwacja mimiki twarzy, u\u0142atwiaj\u0105ca odczytywanie komunikatu,<\/li>\n\n\n\n<li>u\u017cywanie kr\u00f3tkich zda\u0144 i pyta\u0144, na kt\u00f3re chory\/a mo\u017ce odpowiedzie\u0107 \u201etak\u201d, \u201enie\u201d lub kiwn\u0105\u0107 g\u0142ow\u0105,<\/li>\n\n\n\n<li>wyra\u017ane i spokojne m\u00f3wienie,<\/li>\n\n\n\n<li>zamiana s\u0142\u00f3w na gesty, podczas komunikowania jakiej\u015b czynno\u015bci.[2]<\/li>\n<\/ul>\n\n\n\n<p>Porozumiewanie si\u0119 z niem\u00f3wi\u0105c\u0105 osob\u0105 chor\u0105 mo\u017ce u\u0142atwi\u0107 nam r\u00f3wnie\u017c komunikacja alternatywna i wspomagaj\u0105ca (AAC), kt\u00f3ra zosta\u0142a stworzona z my\u015bl\u0105 o osobach z niepe\u0142nosprawno\u015bci\u0105 intelektualn\u0105 i osobach chorych, kt\u00f3re nie pos\u0142uguj\u0105 si\u0119 mow\u0105 werbaln\u0105. AAC skierowana jest te\u017c do os\u00f3b ze spektrum autyzmu, m\u00f3zgowym pora\u017ceniem dzieci\u0119cym, zaburzon\u0105 kontrol\u0105 aparatu mowy, z uszkodzonym o\u015brodkowym uk\u0142adem nerwowym (OUN) w nast\u0119pstwie chor\u00f3b oraz z zespo\u0142ami uwarunkowanymi genetycznie.[3]\n\n\n\n<p>Komunikacja alternatywna wykorzystywana jest w sytuacjach, kiedy jest mo\u017cliwy kontakt twarz\u0105 w twarz mi\u0119dzy rozm\u00f3wcami. Zamiast mowy u\u017cywa si\u0119 system\u00f3w znakowych, graficznych, manualnych, pisemnych lub alfabetu Morse\u2019a (zestaw d\u017awi\u0119k\u00f3w, b\u0142ysk\u00f3w \u015bwiat\u0142a, impuls\u00f3w elektrycznych lub znak\u00f3w popularnie zwanych kresk\u0105 i kropk\u0105[4]).<\/p>\n\n\n\n<p>Komunikacja wspomagaj\u0105ca wzmacnia umiej\u0119tno\u015bci werbalne chorego\/chorej w sytuacjach, gdy ma on\/a ograniczon\u0105 umiej\u0119tno\u015b\u0107 m\u00f3wienia. Komunikacja wzmacniaj\u0105ca jest dobierana indywidualnie do potrzeb osoby.[5]\n\n\n\n[1]<a href=\"https:\/\/pl.wikipedia.org\/wiki\/Polski_j%C4%99zyk_migowy\" target=\"_blank\" rel=\"noreferrer noopener\">https:\/\/pl.wikipedia.org\/wiki\/Polski_j%C4%99zyk_migowy<\/a><\/p>\n\n\n\n[2]<a href=\"https:\/\/www.poradnikzdrowie.pl\/sprawdz-sie\/niezbednik-pacjenta\/jak-opiekowac-sie-osoba-chora-ktora-nie-mowi-aa-aitc-zd8P-AK1s.html\" target=\"_blank\" rel=\"noreferrer noopener\">https:\/\/www.poradnikzdrowie.pl\/sprawdz-sie\/niezbednik-pacjenta\/jak-opiekowac-sie-osoba-chora-ktora-nie-mowi-aa-aitc-zd8P-AK1s.html<\/a><\/p>\n\n\n\n[3]<a href=\"https:\/\/polki.pl\/zdrowie\/choroby,jak-komunikowac-sie-z-osoba-niemowiaca,10385061,artykul.html\" target=\"_blank\" rel=\"noreferrer noopener\">https:\/\/polki.pl\/zdrowie\/choroby,jak-komunikowac-sie-z-osoba-niemowiaca,10385061,artykul.html<\/a><\/p>\n\n\n\n[4]&nbsp;<a href=\"https:\/\/pl.wikipedia.org\/wiki\/Kod_Morse%E2%80%99a\" target=\"_blank\" rel=\"noreferrer noopener\">https:\/\/pl.wikipedia.org\/wiki\/Kod_Morse%E2%80%99a<\/a><\/p>\n\n\n\n[5]<a href=\"https:\/\/polki.pl\/zdrowie\/choroby,jak-komunikowac-sie-z-osoba-niemowiaca,10385061,artykul.html\" target=\"_blank\" rel=\"noreferrer noopener\">https:\/\/polki.pl\/zdrowie\/choroby,jak-komunikowac-sie-z-osoba-niemowiaca,10385061,artykul.html<\/a><\/p>\n","protected":false},"excerpt":{"rendered":"<p>Porozumiewaj\u0105c si\u0119 mi\u0119dzy sob\u0105 u\u017cywamy j\u0119zyka werbalnego, czyli m\u00f3wionego oraz komunikacji niewerbalnej, na kt\u00f3r\u0105 sk\u0142ada si\u0119 nasza mowa cia\u0142a (m.in. gesty, mimika, postawa cia\u0142a). Opiekuj\u0105c si\u0119 osob\u0105 chor\u0105, kt\u00f3ra nie m\u00f3wi zapominamy jednak o tym, \u017ce j\u0119zyk stanowi tylko 7% ca\u0142ej naszej komunikacji. Popatrzmy na osoby G\u0142uche, kt\u00f3re na co dzie\u0144 pos\u0142uguj\u0105 si\u0119 j\u0119zykiem wizualno-przestrzennym, [&hellip;]<\/p>\n","protected":false},"author":1,"featured_media":0,"parent":0,"menu_order":0,"comment_status":"closed","ping_status":"closed","template":"","meta":{"footnotes":""},"class_list":["post-918","page","type-page","status-publish","hentry"],"_links":{"self":[{"href":"https:\/\/wspornik.org\/index.php\/wp-json\/wp\/v2\/pages\/918","targetHints":{"allow":["GET"]}}],"collection":[{"href":"https:\/\/wspornik.org\/index.php\/wp-json\/wp\/v2\/pages"}],"about":[{"href":"https:\/\/wspornik.org\/index.php\/wp-json\/wp\/v2\/types\/page"}],"author":[{"embeddable":true,"href":"https:\/\/wspornik.org\/index.php\/wp-json\/wp\/v2\/users\/1"}],"replies":[{"embeddable":true,"href":"https:\/\/wspornik.org\/index.php\/wp-json\/wp\/v2\/comments?post=918"}],"version-history":[{"count":1,"href":"https:\/\/wspornik.org\/index.php\/wp-json\/wp\/v2\/pages\/918\/revisions"}],"predecessor-version":[{"id":919,"href":"https:\/\/wspornik.org\/index.php\/wp-json\/wp\/v2\/pages\/918\/revisions\/919"}],"wp:attachment":[{"href":"https:\/\/wspornik.org\/index.php\/wp-json\/wp\/v2\/media?parent=918"}],"curies":[{"name":"wp","href":"https:\/\/api.w.org\/{rel}","templated":true}]}}