{"id":910,"date":"2023-11-22T15:56:36","date_gmt":"2023-11-22T15:56:36","guid":{"rendered":"https:\/\/wspornik2.demo.pd1.pl\/?page_id=910"},"modified":"2023-11-22T15:56:37","modified_gmt":"2023-11-22T15:56:37","slug":"informacja-o-przetwarzaniu-danych-osobowych","status":"publish","type":"page","link":"https:\/\/wspornik.org\/index.php\/informacja-o-przetwarzaniu-danych-osobowych\/","title":{"rendered":"INFORMACJA O PRZETWARZANIU DANYCH OSOBOWYCH"},"content":{"rendered":"\n<p><strong>INFORMACJA O PRZETWARZANIU DANYCH OSOBOWYCH<\/strong><\/p>\n\n\n\n<p>W zwi\u0105zku z udzia\u0142em w Projekcie pn. \u201eWspornik \u2013 Punkt Wsparcia Opiekun\u00f3w\u201d, nr RPMP.09.02.02-12- 0471\/19, o\u015bwiadczam, \u017ce przyjmuj\u0119 do wiadomo\u015bci, i\u017c:<\/p>\n\n\n\n<ol class=\"wp-block-list\">\n<li>administratorem moich danych osobowych przetwarzanych w ramach zbioru danych \u201eRegionalny Program Operacyjny Wojew\u00f3dztwa Ma\u0142opolskiego 2014-2020\u201d jest Zarz\u0105d Wojew\u00f3dztwa Ma\u0142opolskiego stanowi\u0105cy Instytucj\u0119 Zarz\u0105dzaj\u0105c\u0105 dla Regionalnego Programu Operacyjnego Wojew\u00f3dztwa Ma\u0142opolskiego na lata 2014 \u2013 2020, z siedzib\u0105 w Krakowie przy ul. Basztowej 22, 31-156 Krak\u00f3w, adres do korespondencji ul. Rac\u0142awicka 56, 30-017Krak\u00f3w,<\/li>\n\n\n\n<li>administratorem moich danych osobowych przetwarzanych w ramach zbioru danych \u201eCentralny system teleinformatyczny wspieraj\u0105cy realizacj\u0119 program\u00f3w operacyjnych\u201d jest minister w\u0142a\u015bciwy do spraw rozwoju z siedzib\u0105 w Warszawie przy ul. Wsp\u00f3lnej 2\/4, 00-926 Warszawa,<\/li>\n\n\n\n<li>przetwarzanie moich danych osobowych jest zgodne z prawem i spe\u0142nia warunki, o kt\u00f3rych mowa w art. 6 ust. 1 lit. c) oraz art. 9 ust. 2 lit g) Rozporz\u0105dzenia Parlamentu Europejskiego i Rady (UE) 2016\/679 \u2013 dane osobowe s\u0105 niezb\u0119dne dla realizacji Regionalnego Programu Operacyjnego Wojew\u00f3dztwa Ma\u0142opolskiego na lata 2014- 2020 na podstawie:\n<ol class=\"wp-block-list\">\n<li>rozporz\u0105dzenia Parlamentu Europejskiego i Rady (UE) Nr 1303\/2013 z dnia 17 grudnia 2013 r. ustanawiaj\u0105cego wsp\u00f3lne przepisy dotycz\u0105ce Europejskiego Funduszu Rozwoju Regionalnego, Europejskiego Funduszu Spo\u0142ecznego, Funduszu Sp\u00f3jno\u015bci, Europejskiego Funduszu Rolnego na rzecz Rozwoju Obszar\u00f3w Wiejskich oraz Europejskiego Funduszu Morskiego i Rybackiego oraz ustanawiaj\u0105ce przepisy og\u00f3lne dotycz\u0105ce Europejskiego Funduszu Rozwoju Regionalnego, Europejskiego Funduszu Spo\u0142ecznego, Funduszu Sp\u00f3jno\u015bci i Europejskiego Funduszu Morskiego i Rybackiego oraz uchylaj\u0105cego rozporz\u0105dzenie Rady (WE) nr 1083\/2006;<\/li>\n\n\n\n<li>rozporz\u0105dzenia Parlamentu Europejskiego i Rady (UE) Nr 1304\/2013 z dnia 17 grudnia 2013 r. w sprawie Europejskiego Funduszu Spo\u0142ecznego i uchylaj\u0105ce rozporz\u0105dzenie Rady (WE) nr 1081\/2006;<\/li>\n\n\n\n<li>ustawy z dnia 11 lipca 2014 r. o zasadach realizacji program\u00f3w w zakresie polityki sp\u00f3jno\u015bci finansowanych w perspektywie finansowej 2014\u20132020;<\/li>\n\n\n\n<li>rozporz\u0105dzenia Wykonawczego Komisji (UE) Nr 1011\/2014 z dnia 22 wrze\u015bnia 2014 r. ustanawiaj\u0105ce szczeg\u00f3\u0142owe przepisy wykonawcze do rozporz\u0105dzenia Parlamentu Europejskiego i Rady (UE) nr 1303\/2013 w odniesieniu do wzor\u00f3w s\u0142u\u017c\u0105cych do przekazywania Komisji okre\u015blonych informacji oraz szczeg\u00f3\u0142owe przepisy dotycz\u0105ce. Nale\u017cy dostosowa\u0107 pod k\u0105tem tylko tych zbior\u00f3w danych osobowych, w kt\u00f3rych przetwarzane s\u0105 dane uczestnika projektu. wymiany informacji mi\u0119dzy beneficjentami a instytucjami zarz\u0105dzaj\u0105cymi, certyfikuj\u0105cymi, audytowymi i po\u015brednicz\u0105cymi;<\/li>\n<\/ol>\n<\/li>\n\n\n\n<li>moje dane osobowe w zakresie wskazanym w pkt. 1 oraz pkt. 2 b\u0119d\u0105 przetwarzane wy\u0142\u0105cznie w celu realizacji projektu Wspornik \u2013 Punkt Wsparcia Opiekun\u00f3w, w szczeg\u00f3lno\u015bci potwierdzenia kwalifikowalno\u015bci wydatk\u00f3w, udzielenia wsparcia, monitoringu, ewaluacji, kontroli, audytu i sprawozdawczo\u015bci oraz dzia\u0142a\u0144 informacyjno-promocyjnych w ramach Regionalnego Programu Operacyjnego Wojew\u00f3dztwa Ma\u0142opolskiego na lata 2014 \u2013 2020 (RPO WM);<\/li>\n\n\n\n<li>moje dane osobowe zosta\u0142y powierzone do przetwarzania Instytucji Po\u015brednicz\u0105cej \u2013 Ma\u0142opolskie Centrum Przedsi\u0119biorczo\u015bci, ul. Jasnog\u00f3rska 11, 31-358 Krak\u00f3w, beneficjentowi realizuj\u0105cemu projekt \u2013 Fundacji Pe\u0142nej \u017bycia ul. Dunajewskiego 5\/29 w Krakowie 31-133 (nazwa i adres beneficjenta) oraz podmiotom, kt\u00f3re na zlecenie beneficjenta uczestnicz\u0105 w realizacji projektu \u2013 Gminie Miejskiej Krak\u00f3w. Moje dane osobowe mog\u0105 zosta\u0107 przekazane podmiotom realizuj\u0105cym badania ewaluacyjne na zlecenie Powierzaj\u0105cego (7), Instytucji Po\u015brednicz\u0105cej lub beneficjenta. Moje dane osobowe mog\u0105 zosta\u0107 r\u00f3wnie\u017c powierzone specjalistycznym podmiotom, realizuj\u0105cym na zlecenie Powierzaj\u0105cego, Instytucji Po\u015brednicz\u0105cej oraz beneficjenta kontrole i audyty w ramach RPO WM;<\/li>\n\n\n\n<li>moje dane osobowe b\u0119d\u0105 przechowywane do momentu zako\u0144czenia realizacji i rozliczenia projektu i zamkni\u0119cie i rozliczenia Regionalnego Programu Operacyjnego Wojew\u00f3dztwa Ma\u0142opolskiego 2014-2020 oraz zako\u0144czenia okresu trwa\u0142o\u015bci dla projektu i okresu archiwizacyjnego, w zale\u017cno\u015bci od tego, kt\u00f3ra z tych dat nast\u0105pi p\u00f3\u017aniej;<\/li>\n\n\n\n<li>podanie danych ma charakter dobrowolny, aczkolwiek jest wymogiem ustawowym a konsekwencj\u0105 odmowy ich podania jest brak mo\u017cliwo\u015bci udzielenia wsparcia w ramach projektu;<\/li>\n\n\n\n<li>posiadam prawo dost\u0119pu do tre\u015bci swoich danych oraz prawo ich: sprostowania, ograniczenia przetwarzania, prawo do przenoszenia danych zgodnie z art. 15-20 RODO;<\/li>\n\n\n\n<li>posiadam prawo do wniesienia sprzeciwu wobec przetwarzania danych w spos\u00f3b opisany powy\u017cej. Przetwarzanie danych zostanie zaprzestane, chyba \u017ce IZ\/IP b\u0119dzie w stanie wykaza\u0107, \u017ce w stosunku do przetwarzanych danych istniej\u0105 prawnie uzasadnione podstawy, kt\u00f3re s\u0105 nadrz\u0119dne wobec interes\u00f3w, praw i wolno\u015bci lub dane b\u0119d\u0105 nam niezb\u0119dne do ewentualnego ustalenia, dochodzenia lub obrony roszcze\u0144;<\/li>\n\n\n\n<li>mam prawo do wniesienia skargi do Prezesa Urz\u0119du Ochrony Danych Osobowych, gdy uznam, i\u017c przetwarzanie moich danych osobowych narusza przepisy RODO;<\/li>\n\n\n\n<li>moje dane osobowe mog\u0105 zosta\u0107 ujawnione innym podmiotom upowa\u017cnionym na podstawie przepis\u00f3w prawa;<\/li>\n\n\n\n<li>moje dane osobowe nie b\u0119d\u0105 przetwarzane w spos\u00f3b zautomatyzowany, w tym r\u00f3wnie\u017c profilowane<\/li>\n\n\n\n<li>mog\u0119 skontaktowa\u0107 si\u0119 z Inspektorem Ochrony Danych: Powierzaj\u0105cy oznacza IZ RPO WM 2014 \u2013 2020 lub minister w\u0142a\u015bciwy do spraw rozwoju. 8 Nale\u017cy dostosowa\u0107 zapisy pod k\u0105tem danego typu projektu (m. in. decyduje tutaj kwestia pomocy publicznej, rozliczania VAT, mechanizm\u00f3w odzyskiwania, archiwizacji itp.).\n<ol class=\"wp-block-list\">\n<li>wyznaczonym przez ADO wskazanym w ust. 1, wysy\u0142aj\u0105c wiadomo\u015b\u0107 na adres poczty elektronicznej: Inspektora Ochrony Danych Osobowych UMWM9 lub pisemnie na adres: Inspektor Ochrony Danych Osobowych UMWM, Urz\u0105d Marsza\u0142kowski Wojew\u00f3dztwa Ma\u0142opolskiego ul. Rac\u0142awicka 56, 30-017 Krak\u00f3w;<\/li>\n\n\n\n<li>wyznaczonym przez ADO wskazanym w ust. 2, wysy\u0142aj\u0105c wiadomo\u015b\u0107 na adres poczty elektronicznej: Inspektora Ochrony Danych Osobowych MIiR10; c) dzia\u0142aj\u0105cym w ramach Instytucji Po\u015brednicz\u0105cej, wysy\u0142aj\u0105c wiadomo\u015b\u0107 na adres poczty elektronicznej: Inspektora Danych Osobowych MCP11 lub pisemnie na adres: Inspektor Ochrony Danych MCP, Ma\u0142opolskie Centrum Przedsi\u0119biorczo\u015bci, ul. Jasnog\u00f3rska 11, 31-358 Krak\u00f3w.<\/li>\n<\/ol>\n<\/li>\n\n\n\n<li>w ci\u0105gu 4 tygodni po zako\u0144czeniu udzia\u0142u w projekcie udost\u0119pni\u0119 dane dot. mojego statusu na rynku pracy oraz informacje nt. udzia\u0142u w kszta\u0142ceniu lub szkoleniu oraz uzyskania kwalifikacji lub nabycia kompetencji;<\/li>\n\n\n\n<li>w ci\u0105gu trzech miesi\u0119cy po zako\u0144czeniu udzia\u0142u w projekcie udost\u0119pni\u0119 dane dot. mojego statusu na rynku pracy;<\/li>\n\n\n\n<li>do trzech miesi\u0119cy po zako\u0144czonym udziale w projekcie dostarcz\u0119 dokumenty potwierdzaj\u0105ce osi\u0105gni\u0119cie efektywno\u015bci zatrudnieniowej (podj\u0119cie zatrudnienia lub innej pracy zarobkowej)<\/li>\n<\/ol>\n","protected":false},"excerpt":{"rendered":"<p>INFORMACJA O PRZETWARZANIU DANYCH OSOBOWYCH W zwi\u0105zku z udzia\u0142em w Projekcie pn. \u201eWspornik \u2013 Punkt Wsparcia Opiekun\u00f3w\u201d, nr RPMP.09.02.02-12- 0471\/19, o\u015bwiadczam, \u017ce przyjmuj\u0119 do wiadomo\u015bci, i\u017c:<\/p>\n","protected":false},"author":1,"featured_media":0,"parent":0,"menu_order":0,"comment_status":"closed","ping_status":"closed","template":"","meta":{"footnotes":""},"class_list":["post-910","page","type-page","status-publish","hentry"],"_links":{"self":[{"href":"https:\/\/wspornik.org\/index.php\/wp-json\/wp\/v2\/pages\/910","targetHints":{"allow":["GET"]}}],"collection":[{"href":"https:\/\/wspornik.org\/index.php\/wp-json\/wp\/v2\/pages"}],"about":[{"href":"https:\/\/wspornik.org\/index.php\/wp-json\/wp\/v2\/types\/page"}],"author":[{"embeddable":true,"href":"https:\/\/wspornik.org\/index.php\/wp-json\/wp\/v2\/users\/1"}],"replies":[{"embeddable":true,"href":"https:\/\/wspornik.org\/index.php\/wp-json\/wp\/v2\/comments?post=910"}],"version-history":[{"count":1,"href":"https:\/\/wspornik.org\/index.php\/wp-json\/wp\/v2\/pages\/910\/revisions"}],"predecessor-version":[{"id":911,"href":"https:\/\/wspornik.org\/index.php\/wp-json\/wp\/v2\/pages\/910\/revisions\/911"}],"wp:attachment":[{"href":"https:\/\/wspornik.org\/index.php\/wp-json\/wp\/v2\/media?parent=910"}],"curies":[{"name":"wp","href":"https:\/\/api.w.org\/{rel}","templated":true}]}}