{"id":879,"date":"2023-11-07T16:24:30","date_gmt":"2023-11-07T16:24:30","guid":{"rendered":"https:\/\/wspornik2.demo.pd1.pl\/?page_id=879"},"modified":"2023-11-07T16:28:28","modified_gmt":"2023-11-07T16:28:28","slug":"wypozyczalnie-sprzetu","status":"publish","type":"page","link":"https:\/\/wspornik.org\/index.php\/wypozyczalnie-sprzetu\/","title":{"rendered":"Wypo\u017cyczalnie sprz\u0119tu"},"content":{"rendered":"\t\t<div data-elementor-type=\"wp-page\" data-elementor-id=\"879\" class=\"elementor elementor-879\" data-elementor-post-type=\"page\">\n\t\t\t\t\t\t<section class=\"elementor-section elementor-top-section elementor-element elementor-element-5e3e9895 elementor-section-boxed elementor-section-height-default elementor-section-height-default\" data-id=\"5e3e9895\" data-element_type=\"section\" data-e-type=\"section\">\n\t\t\t\t\t\t<div class=\"elementor-container elementor-column-gap-default\">\n\t\t\t\t\t<div class=\"aux-parallax-section elementor-column elementor-col-100 elementor-top-column elementor-element elementor-element-4452d014\" data-id=\"4452d014\" data-element_type=\"column\" data-e-type=\"column\">\n\t\t\t<div class=\"elementor-widget-wrap elementor-element-populated\">\n\t\t\t\t\t\t<div class=\"elementor-element elementor-element-57f5b7f6 elementor-widget elementor-widget-text-editor\" data-id=\"57f5b7f6\" data-element_type=\"widget\" data-e-type=\"widget\" data-widget_type=\"text-editor.default\">\n\t\t\t\t<div class=\"elementor-widget-container\">\n\t\t\t\t\t\t\t\t\t<p><\/p>\n<p><strong>Wypo\u017cyczalnia Medyczna E-med. Emilia Zegad\u0142o<\/strong><br>ul. Forteczna 12<br>32-086 W\u0119grzce, ko\u0142o Krakowa<\/p>\n<p><\/p>\n<p><\/p>\n<p>Telefon: 692 769 360<br>Email: biuro@wypozyczalniamedyczna.pl<br><a rel=\"noreferrer noopener\" href=\"http:\/\/www.wypozyczalniamedyczna.pl\/\" target=\"_blank\">www.wypozyczalniamedyczna.pl<\/a><\/p>\n<p><br><\/p>\n<p><\/p>\n<p><\/p>\n<p><\/p>\n<p><\/p>\n<p><\/p>\n<p><\/p>\n<p><strong>Krakowskie Zak\u0142ady Sprz\u0119tu Ortopedycznego Sp. z o.o.<\/strong><br>ul. Pr\u0105dnicka 10<br>32-002 Krak\u00f3w<\/p>\n<p><\/p>\n<p><\/p>\n<p>Telefon: 12 633 20 55<br>Email: kzso@kzso.com.pl<br><a rel=\"noreferrer noopener\" href=\"http:\/\/kzso.com.pl\/\" target=\"_blank\">kzso.com.pl<\/a><\/p>\n<p><br><\/p>\n<p><\/p>\n<p><\/p>\n<p><\/p>\n<p><\/p>\n<p><strong>Fundacja Pomoc Krakowskiemu Hospicjum<\/strong><br>os. Centrum B bl.6<br>31-927 Krak\u00f3w<\/p>\n<p><\/p>\n<p><\/p>\n<p>Telefon: 12 644 65 50<br>Email: fundacja@fundacjapkh.krakow.pl<br><a href=\"http:\/\/fundacja.krakow.pl\/\" target=\"_blank\" rel=\"noreferrer noopener\">fundacja.krakow.pl<\/a><\/p><p><br><\/p>\n<p><\/p>\n<p><\/p>\n<p><\/p>\n<p><\/p>\n<p><\/p>\n<p><strong>Centrum Aktywizacji Spo\u0142ecznej i Zawodowej KLIKA<\/strong><br>ul. Siemaszki 31<br>31-207 Krak\u00f3w<\/p>\n<p><\/p>\n<p><\/p>\n<p>Telefon: 12 416 53 05<br>Email: wypo\u017cyczalnia@centrumklika.pl<br><a rel=\"noreferrer noopener\" href=\"http:\/\/centrum.centrumklika.pl\/\" target=\"_blank\">centrum.centrumklika.pl<\/a><\/p><p><br><\/p>\n<p><\/p>\n<p><\/p>\n<p><\/p>\n<p><\/p>\n<p><strong>Wypo\u017cyczalnia w Centrum Medycznym im. \u015aw. Katarzyny<\/strong><br>ul. J. Lea 44<br>30-052 Krak\u00f3w<\/p>\n<p><\/p>\n<p><\/p>\n<p>Telefon: 12 393 39 40<\/p>\n<p><br><\/p>\n<p><\/p>\n<p><\/p>\n<p><\/p>\n<p><\/p>\n<p><strong>Splint wypo\u017cyczalnia sprz\u0119tu ortopedycznego i sklep medyczny<\/strong><br>ul. 28 lipca 1943r 23a<br>30-233 Krak\u00f3w<\/p>\n<p><\/p>\n<p><\/p>\n<p>Telefon: 608 069 498<br>Email: email@email.pl<\/p>\n<p><\/p>\n<p><\/p>\n<p><\/p>\n<p><\/p>\n<p><\/p>\n<p><strong>Towarzystwo Solidarnej Pomocy Krak\u00f3w \u2013 Nowa Huta<\/strong><br>ul. Ujastek 3<br>30-706 Krak\u00f3w<\/p>\n<p><\/p>\n<p><\/p>\n<p>Telefon: 12 644 09 68<br>Email: tsp_kr@onet.pl<\/p>\n<p><br><\/p>\n<p><\/p>\n<p><\/p>\n<p><\/p>\n<p><\/p>\n<p><strong>Wypo\u017cyczalnia Sprz\u0119tu Medycznego Caritas<\/strong><br>ul. \u017bywiecka 16<br>30-427 Krak\u00f3w<\/p>\n<p><\/p>\n<p><\/p>\n<p>Telefon: 729 978 773<br>Email: wypozyczalnia.krakow@caritas.pl<br><a rel=\"noreferrer noopener\" href=\"http:\/\/www.krakowcaritas.pl\/jednostki.php\/62\" target=\"_blank\">www.krakowcaritas.pl\/jednostki.php\/62<\/a><\/p>\n<p><br><\/p>\n<p><\/p>\n<p><\/p>\n<p><\/p>\n<p><\/p>\n<p><strong>Artro-Med<\/strong><br>ul. Saska 9\/17<br>30-715 Krak\u00f3w<\/p>\n<p><\/p>\n<p><\/p>\n<p>Telefon: 606 347 288<br>Email: pkjunior@poczta.onet.pl<br><a rel=\"noreferrer noopener\" href=\"http:\/\/artro-med.pl\/\" target=\"_blank\">artro-med.pl<\/a><\/p>\n<p><br><\/p>\n<p><\/p>\n<p><\/p>\n<p><\/p>\n<p><\/p>\n<p><strong>Fundacja na Rzecz Chorych na SM im. b\u0142. Anieli Salawy<\/strong><br>ul. Dunajewskiego 5<br>31-133 Krak\u00f3w<\/p>\n<p><\/p>\n<p><\/p>\n<p>Telefon: 12 430 07 58<br>Email: tewuka@interia.pl<br><a rel=\"noreferrer noopener\" href=\"http:\/\/fundacja-sm.malopolska.pl\/\" target=\"_blank\">fundacja-sm.malopolska.pl<\/a><\/p>\n<p><br><\/p>\n<p><\/p>\n<p><\/p>\n<p><\/p>\n<p><\/p>\n<p><strong>BRANDvital Sp. z o.o.<\/strong><br>ul. Zwierzyniecka 10<br>31-102 Krak\u00f3w<\/p>\n<p><\/p>\n<p><\/p>\n<p>Telefon: 12 422 52 00<br>Email: email@email.plkrakow01@brandvital.eu<br>Obszary dzia\u0142ania:<\/p>\n<p><\/p>\n<p><\/p>\n<p>Wynajem \u0142\u00f3\u017cek rehabilitacyjnych, Koncentratora tlenu, Sklep medyczny<\/p>\n<p><\/p>\n<p><\/p>\n<p><a href=\"http:\/\/brandvital.eu\/wypozyczalnia\" target=\"_blank\" rel=\"noreferrer noopener\">brandvital.eu\/wypozyczalnia<\/a><\/p>\n<p><\/p>\t\t\t\t\t\t\t\t<\/div>\n\t\t\t\t<\/div>\n\t\t\t\t\t<\/div>\n\t\t<\/div>\n\t\t\t\t\t<\/div>\n\t\t<\/section>\n\t\t\t\t<\/div>\n\t\t","protected":false},"excerpt":{"rendered":"<p>Wypo\u017cyczalnia Medyczna E-med. Emilia Zegad\u0142oul. Forteczna 1232-086 W\u0119grzce, ko\u0142o Krakowa Telefon: 692 769 360Email: biuro@wypozyczalniamedyczna.plwww.wypozyczalniamedyczna.pl Krakowskie Zak\u0142ady Sprz\u0119tu Ortopedycznego Sp. z o.o.ul. Pr\u0105dnicka 1032-002 Krak\u00f3w Telefon: 12 633 20 55Email: kzso@kzso.com.plkzso.com.pl Fundacja Pomoc Krakowskiemu Hospicjumos. Centrum B bl.631-927 Krak\u00f3w Telefon: 12 644 65 50Email: fundacja@fundacjapkh.krakow.plfundacja.krakow.pl Centrum Aktywizacji Spo\u0142ecznej i Zawodowej KLIKAul. Siemaszki 3131-207 Krak\u00f3w Telefon: [&hellip;]<\/p>\n","protected":false},"author":1,"featured_media":0,"parent":0,"menu_order":0,"comment_status":"closed","ping_status":"closed","template":"","meta":{"footnotes":""},"class_list":["post-879","page","type-page","status-publish","hentry"],"_links":{"self":[{"href":"https:\/\/wspornik.org\/index.php\/wp-json\/wp\/v2\/pages\/879","targetHints":{"allow":["GET"]}}],"collection":[{"href":"https:\/\/wspornik.org\/index.php\/wp-json\/wp\/v2\/pages"}],"about":[{"href":"https:\/\/wspornik.org\/index.php\/wp-json\/wp\/v2\/types\/page"}],"author":[{"embeddable":true,"href":"https:\/\/wspornik.org\/index.php\/wp-json\/wp\/v2\/users\/1"}],"replies":[{"embeddable":true,"href":"https:\/\/wspornik.org\/index.php\/wp-json\/wp\/v2\/comments?post=879"}],"version-history":[{"count":11,"href":"https:\/\/wspornik.org\/index.php\/wp-json\/wp\/v2\/pages\/879\/revisions"}],"predecessor-version":[{"id":893,"href":"https:\/\/wspornik.org\/index.php\/wp-json\/wp\/v2\/pages\/879\/revisions\/893"}],"wp:attachment":[{"href":"https:\/\/wspornik.org\/index.php\/wp-json\/wp\/v2\/media?parent=879"}],"curies":[{"name":"wp","href":"https:\/\/api.w.org\/{rel}","templated":true}]}}