{"id":801,"date":"2023-11-06T17:48:19","date_gmt":"2023-11-06T17:48:19","guid":{"rendered":"https:\/\/wspornik2.demo.pd1.pl\/?page_id=801"},"modified":"2023-11-06T17:56:19","modified_gmt":"2023-11-06T17:56:19","slug":"policja","status":"publish","type":"page","link":"https:\/\/wspornik.org\/index.php\/policja\/","title":{"rendered":"Policja"},"content":{"rendered":"\t\t<div data-elementor-type=\"wp-page\" data-elementor-id=\"801\" class=\"elementor elementor-801\" data-elementor-post-type=\"page\">\n\t\t\t\t\t\t<section class=\"elementor-section elementor-top-section elementor-element elementor-element-584276f8 elementor-section-boxed elementor-section-height-default elementor-section-height-default\" data-id=\"584276f8\" data-element_type=\"section\" data-e-type=\"section\">\n\t\t\t\t\t\t<div class=\"elementor-container elementor-column-gap-default\">\n\t\t\t\t\t<div class=\"aux-parallax-section elementor-column elementor-col-100 elementor-top-column elementor-element elementor-element-565f8947\" data-id=\"565f8947\" data-element_type=\"column\" data-e-type=\"column\">\n\t\t\t<div class=\"elementor-widget-wrap elementor-element-populated\">\n\t\t\t\t\t\t<div class=\"elementor-element elementor-element-f8dde59 elementor-widget elementor-widget-text-editor\" data-id=\"f8dde59\" data-element_type=\"widget\" data-e-type=\"widget\" data-widget_type=\"text-editor.default\">\n\t\t\t\t<div class=\"elementor-widget-container\">\n\t\t\t\t\t\t\t\t\t<p><\/p>\n<p><span style=\"font-weight: 600;\">Komenda Wojew\u00f3dzka Policji w Krakowie<\/span><br>Mogilska 109<br>31-571 Krak\u00f3w<\/p><p><\/p><p>Telefon: 12 61 54 444<br>Email: poczta@malopolska.policja.gov.pl<\/p><p><br><\/p><p><span style=\"font-weight: 600;\">Komenda Miejska Policji w Krakowie<\/span><br>Henryka Siemiradzkiego 24<br>31-137 Krak\u00f3w<br><\/p><p><\/p><p>Telefon: 12 61 51 254<br>Email: sekretariatkmp@krakow.policja.gov.pl<\/p><p><br><\/p>\n<p><\/p>\n<p><strong>Komisariat Policji I w Krakowie<\/strong><br>ul. Szeroka 35<br>31-053 Krak\u00f3w<\/p>\n<p><\/p>\n<p>Telefon: 12 61 52 914<br>Email: kp1@krakow.policja.gov.pl<\/p>\n<p><br><\/p>\n<p><\/p>\n<p><strong>Komisariat Policji II w Krakowie<\/strong><br>ul. Lubicz 21<br>31-503 Krak\u00f3w<\/p>\n<p><\/p>\n<p>Telefon: 12 61 52 915<br>Email: kp2@krakow.policja.gov.pl<\/p>\n<p><br><\/p>\n<p><\/p>\n<p><strong>Komisariat Policji III w Krakowie<\/strong><br>ul. Strzelc\u00f3w 16<br>31-422 Krak\u00f3w<\/p>\n<p><\/p>\n<p>Telefon: 12 61 52 912<br>Email: kp3@krakow.policja.gov.pl<\/p>\n<p><br><\/p>\n<p><\/p>\n<p><strong>Komisariat Policji IV w Krakowie<\/strong><br>ul. Kr\u00f3lewska 4<br>30-045 Krak\u00f3w<\/p>\n<p><\/p>\n<p>Telefon: 12 61 52 913<br>Email: kp4@krakow.policja.gov.pl<\/p>\n<p><br><\/p>\n<p><\/p>\n<p><strong><\/strong><\/p>\n<p><\/p>\n<p><strong>Komisariat Policji V w Krakowie<\/strong><br>ul. Zamoyskiego 20\/22<br>30-523 Krak\u00f3w<\/p>\n<p><\/p>\n<p>Telefon: 12 61 52 916<br>Email: kp5@krakow.policja.gov.pl<\/p>\n<p><br><\/p>\n<p><\/p>\n<p><strong><\/strong><\/p>\n<p><\/p>\n<p><strong>Komisariat Policji VI w Krakowie<\/strong><br>ul. Mieczys\u0142awy \u0106wikli\u0144skiej 4<br>30-863 Krak\u00f3w<\/p>\n<p><\/p>\n<p>Telefon: 12 61 52 917<br>Email: kp6@krakow.policja.gov.pl<\/p>\n<p><br><\/p>\n<p><\/p>\n<p><strong><\/strong><\/p>\n<p><\/p>\n<p><strong>Komisariat Policji VIII w Krakowie<\/strong><br>ul. os. Zgody 10<br>31-950 Krak\u00f3w<\/p>\n<p><\/p>\n<p>Telefon: 12 61 52 910<br>Email: kp8@krakow.policja.gov.pl<\/p>\n<p><\/p>\t\t\t\t\t\t\t\t<\/div>\n\t\t\t\t<\/div>\n\t\t\t\t\t<\/div>\n\t\t<\/div>\n\t\t\t\t\t<\/div>\n\t\t<\/section>\n\t\t\t\t<\/div>\n\t\t","protected":false},"excerpt":{"rendered":"<p>Komenda Wojew\u00f3dzka Policji w KrakowieMogilska 10931-571 Krak\u00f3w Telefon: 12 61 54 444Email: poczta@malopolska.policja.gov.pl Komenda Miejska Policji w KrakowieHenryka Siemiradzkiego 2431-137 Krak\u00f3w Telefon: 12 61 51 254Email: sekretariatkmp@krakow.policja.gov.pl Komisariat Policji I w Krakowieul. Szeroka 3531-053 Krak\u00f3w Telefon: 12 61 52 914Email: kp1@krakow.policja.gov.pl Komisariat Policji II w Krakowieul. Lubicz 2131-503 Krak\u00f3w Telefon: 12 61 52 915Email: kp2@krakow.policja.gov.pl [&hellip;]<\/p>\n","protected":false},"author":1,"featured_media":0,"parent":0,"menu_order":0,"comment_status":"closed","ping_status":"closed","template":"","meta":{"footnotes":""},"class_list":["post-801","page","type-page","status-publish","hentry"],"_links":{"self":[{"href":"https:\/\/wspornik.org\/index.php\/wp-json\/wp\/v2\/pages\/801","targetHints":{"allow":["GET"]}}],"collection":[{"href":"https:\/\/wspornik.org\/index.php\/wp-json\/wp\/v2\/pages"}],"about":[{"href":"https:\/\/wspornik.org\/index.php\/wp-json\/wp\/v2\/types\/page"}],"author":[{"embeddable":true,"href":"https:\/\/wspornik.org\/index.php\/wp-json\/wp\/v2\/users\/1"}],"replies":[{"embeddable":true,"href":"https:\/\/wspornik.org\/index.php\/wp-json\/wp\/v2\/comments?post=801"}],"version-history":[{"count":16,"href":"https:\/\/wspornik.org\/index.php\/wp-json\/wp\/v2\/pages\/801\/revisions"}],"predecessor-version":[{"id":820,"href":"https:\/\/wspornik.org\/index.php\/wp-json\/wp\/v2\/pages\/801\/revisions\/820"}],"wp:attachment":[{"href":"https:\/\/wspornik.org\/index.php\/wp-json\/wp\/v2\/media?parent=801"}],"curies":[{"name":"wp","href":"https:\/\/api.w.org\/{rel}","templated":true}]}}