{"id":128,"date":"2021-08-07T09:38:37","date_gmt":"2021-08-07T09:38:37","guid":{"rendered":"https:\/\/wspornik2.demo.pd1.pl\/index.php\/about-us\/"},"modified":"2025-07-11T08:32:30","modified_gmt":"2025-07-11T08:32:30","slug":"o-nas","status":"publish","type":"page","link":"https:\/\/wspornik.org\/index.php\/o-nas\/","title":{"rendered":"O nas"},"content":{"rendered":"\t\t<div data-elementor-type=\"wp-page\" data-elementor-id=\"128\" class=\"elementor elementor-128\" data-elementor-post-type=\"page\">\n\t\t\t\t\t\t<section class=\"elementor-section elementor-top-section elementor-element elementor-element-94b7b1f elementor-section-boxed elementor-section-height-default elementor-section-height-default\" data-id=\"94b7b1f\" data-element_type=\"section\" data-e-type=\"section\">\n\t\t\t\t\t\t<div class=\"elementor-container elementor-column-gap-no\">\n\t\t\t\t\t<div class=\"aux-parallax-section elementor-column elementor-col-33 elementor-top-column elementor-element elementor-element-f19409c\" data-id=\"f19409c\" data-element_type=\"column\" data-e-type=\"column\">\n\t\t\t<div class=\"elementor-widget-wrap elementor-element-populated\">\n\t\t\t\t\t\t<div class=\"elementor-element elementor-element-ce1e11f aux-appear-watch-animation aux-fade-in-up-1 elementor-widget elementor-widget-aux_modern_heading\" data-id=\"ce1e11f\" data-element_type=\"widget\" data-e-type=\"widget\" data-widget_type=\"aux_modern_heading.default\">\n\t\t\t\t<div class=\"elementor-widget-container\">\n\t\t\t\t\t<section class=\"aux-widget-modern-heading\">\n            <div class=\"aux-widget-inner\"><h1 class=\"aux-modern-heading-primary\">Wspornik<\/h1><h2 class=\"aux-modern-heading-secondary\"><span class=\"aux-head-before\">Punkt Wsparcia Opiekun\u00f3w<\/span><\/h2><div class=\"aux-modern-heading-divider\"><\/div><div class=\"aux-modern-heading-description\"><p>Projekt Wspornik skierowany jest do mieszkaj\u0105cych w Krakowie rodzin i opiekun\u00f3w faktycznych opiekuj\u0105cych si\u0119 d\u0142ugoterminowo osob\u0105 niesamodzieln\u0105.<\/p><p>Wspornik rozwija i poszerza do\u015bwiadczenia z realizacji Krakowskiego Centrum Informacji i Wsparcia dla Opiekun\u00f3w Os\u00f3b Niesamodzielnych, w kt\u00f3rym do stycznia 2021 pomoc otrzyma\u0142o ju\u017c prawie 1000 os\u00f3b. Autorem i liderem obu projekt\u00f3w jest Fundacja Pe\u0142na \u017bycia.<\/p><p>Fundacja przygotowa\u0142a nowy projekt Wspornik bazuj\u0105c na obserwacji tych potrzeb opiekun\u00f3w os\u00f3b niesamodzielnych, kt\u00f3re nie s\u0105 nadal zaspokojone, zape\u0142niaj\u0105c w ten spos\u00f3b luk\u0119 w systemie pomocy. Wsparcie opiekun\u00f3w i os\u00f3b niesamodzielnych w obu projektach pozwoli zaspokoi\u0107 potrzeby wielu krakowskich rodzin.<\/p><\/div><\/div>\n        <\/section>\t\t\t\t<\/div>\n\t\t\t\t<\/div>\n\t\t\t\t\t<\/div>\n\t\t<\/div>\n\t\t\t\t<div class=\"aux-parallax-section elementor-column elementor-col-33 elementor-top-column elementor-element elementor-element-dbd58d7\" data-id=\"dbd58d7\" data-element_type=\"column\" data-e-type=\"column\">\n\t\t\t<div class=\"elementor-widget-wrap elementor-element-populated\">\n\t\t\t\t\t\t<div class=\"elementor-element elementor-element-9d21a8a elementor-widget elementor-widget-aux_image\" data-id=\"9d21a8a\" data-element_type=\"widget\" data-e-type=\"widget\" data-widget_type=\"aux_image.default\">\n\t\t\t\t<div class=\"elementor-widget-container\">\n\t\t\t\t\t<section class=\"widget-container aux-widget-image aux-alignnone aux-parent-au7ba33407\">\n    <div class=\"aux-media-hint-frame \">\n        <div class=\"aux-media-image \" >\n        \n            \n\n            \n            <img fetchpriority=\"high\" decoding=\"async\" width=\"410\" height=\"534\" src=\"image\/gif;base64,R0lGODlhAQABAIAAAAAAAP\/\/\/yH5BAEAAAAALAAAAAABAAEAAAIBRAA7\" class=\"aux-attachment aux-featured-image aux-attachment-id-490 aux-preload aux-blank\" alt=\"uj\u0119cie na napis &quot;Fundacja Pe\u0142na \u017bycia&quot; w tle ludzie na spotkaniu\" data-ratio=\"0.77\" data-original-w=\"900\" sizes=\"auto\" data-srcset=\"https:\/\/wspornik.org\/wp-content\/uploads\/2023\/09\/4-150x195.jpg 150w,https:\/\/wspornik.org\/wp-content\/uploads\/2023\/09\/4-300x391.jpg 300w,https:\/\/wspornik.org\/wp-content\/uploads\/2023\/09\/4-768x1000.jpg 768w,https:\/\/wspornik.org\/wp-content\/uploads\/2023\/09\/4-410x534.jpg 410w\" data-src=\"https:\/\/wspornik.org\/wp-content\/uploads\/2023\/09\/4-410x534.jpg\" \/>            \n                <\/div>\n    <\/div>\n\n<\/section><!-- widget-container -->\t\t\t\t<\/div>\n\t\t\t\t<\/div>\n\t\t\t\t\t<\/div>\n\t\t<\/div>\n\t\t\t\t<div class=\"aux-parallax-section elementor-column elementor-col-33 elementor-top-column elementor-element elementor-element-31efe83\" data-id=\"31efe83\" data-element_type=\"column\" data-e-type=\"column\">\n\t\t\t<div class=\"elementor-widget-wrap elementor-element-populated\">\n\t\t\t\t\t\t<div class=\"elementor-element elementor-element-1ceb6cc aux-appear-watch-animation aux-scale-down elementor-widget elementor-widget-aux_image\" data-id=\"1ceb6cc\" data-element_type=\"widget\" data-e-type=\"widget\" data-widget_type=\"aux_image.default\">\n\t\t\t\t<div class=\"elementor-widget-container\">\n\t\t\t\t\t<section class=\"widget-container aux-widget-image aux-alignnone aux-parent-aud7a39251\">\n    <div class=\"aux-media-hint-frame \">\n        <div class=\"aux-media-image \" >\n        \n            \n\n            \n            <img decoding=\"async\" width=\"768\" height=\"1024\" src=\"image\/gif;base64,R0lGODlhAQABAIAAAAAAAP\/\/\/yH5BAEAAAAALAAAAAABAAEAAAIBRAA7\" class=\"aux-attachment aux-featured-image aux-attachment-id-492 aux-preload aux-blank\" alt=\"zdj\u0119cie wielu biurek, przy kt\u00f3rych pracuj\u0105 pracownicy Wspornika\" data-ratio=\"0.75\" data-original-w=\"768\" data-src=\"https:\/\/wspornik.org\/wp-content\/uploads\/2023\/09\/20.jpg\" \/>            \n                <\/div>\n    <\/div>\n\n<\/section><!-- widget-container -->\t\t\t\t<\/div>\n\t\t\t\t<\/div>\n\t\t\t\t\t<\/div>\n\t\t<\/div>\n\t\t\t\t\t<\/div>\n\t\t<\/section>\n\t\t\t\t<section class=\"elementor-section elementor-top-section elementor-element elementor-element-6cea204 elementor-section-boxed elementor-section-height-default elementor-section-height-default\" data-id=\"6cea204\" data-element_type=\"section\" data-e-type=\"section\">\n\t\t\t\t\t\t<div class=\"elementor-container elementor-column-gap-no\">\n\t\t\t\t\t<div class=\"aux-parallax-section elementor-column elementor-col-33 elementor-top-column elementor-element elementor-element-a19e285\" data-id=\"a19e285\" data-element_type=\"column\" data-e-type=\"column\">\n\t\t\t<div class=\"elementor-widget-wrap elementor-element-populated\">\n\t\t\t\t\t\t<div class=\"elementor-element elementor-element-65a2895 aux-appear-watch-animation aux-fade-in-up-1 elementor-widget elementor-widget-aux_modern_heading\" data-id=\"65a2895\" data-element_type=\"widget\" data-e-type=\"widget\" data-widget_type=\"aux_modern_heading.default\">\n\t\t\t\t<div class=\"elementor-widget-container\">\n\t\t\t\t\t<section class=\"aux-widget-modern-heading\">\n            <div class=\"aux-widget-inner\"><h3 class=\"aux-modern-heading-primary\">\nCo robimy?<\/h3><div class=\"aux-modern-heading-divider\"><\/div><\/div>\n        <\/section>\t\t\t\t<\/div>\n\t\t\t\t<\/div>\n\t\t\t\t<div class=\"elementor-element elementor-element-09aac70 aux-appear-watch-animation aux-fade-in-up-1 elementor-widget elementor-widget-text-editor\" data-id=\"09aac70\" data-element_type=\"widget\" data-e-type=\"widget\" data-widget_type=\"text-editor.default\">\n\t\t\t\t<div class=\"elementor-widget-container\">\n\t\t\t\t\t\t\t\t\t<p>W ramach projektu mo\u017cna b\u0119dzie otrzyma\u0107 nast\u0119puj\u0105ce \u015bwiadczenia:<\/p>\t\t\t\t\t\t\t\t<\/div>\n\t\t\t\t<\/div>\n\t\t\t\t<div class=\"elementor-element elementor-element-8b172c3 elementor-align-start aux-appear-watch-animation aux-fade-in-up-1 elementor-icon-list--layout-traditional elementor-list-item-link-full_width elementor-widget elementor-widget-icon-list\" data-id=\"8b172c3\" data-element_type=\"widget\" data-e-type=\"widget\" data-widget_type=\"icon-list.default\">\n\t\t\t\t<div class=\"elementor-widget-container\">\n\t\t\t\t\t\t\t<ul class=\"elementor-icon-list-items\">\n\t\t\t\t\t\t\t<li class=\"elementor-icon-list-item\">\n\t\t\t\t\t\t\t\t\t\t\t<span class=\"elementor-icon-list-icon\">\n\t\t\t\t\t\t\t<i aria-hidden=\"true\" class=\"fas fa-angle-right\"><\/i>\t\t\t\t\t\t<\/span>\n\t\t\t\t\t\t\t\t\t\t<span class=\"elementor-icon-list-text\">porad\u0119 doradc\u00f3w<\/span>\n\t\t\t\t\t\t\t\t\t<\/li>\n\t\t\t\t\t\t\t\t<li class=\"elementor-icon-list-item\">\n\t\t\t\t\t\t\t\t\t\t\t<span class=\"elementor-icon-list-icon\">\n\t\t\t\t\t\t\t<i aria-hidden=\"true\" class=\"fas fa-angle-right\"><\/i>\t\t\t\t\t\t<\/span>\n\t\t\t\t\t\t\t\t\t\t<span class=\"elementor-icon-list-text\">opiek\u0119 wytchnieniow\u0105 w miejscu zamieszkania osoby niesamodzielnej<\/span>\n\t\t\t\t\t\t\t\t\t<\/li>\n\t\t\t\t\t\t\t\t<li class=\"elementor-icon-list-item\">\n\t\t\t\t\t\t\t\t\t\t\t<span class=\"elementor-icon-list-icon\">\n\t\t\t\t\t\t\t<i aria-hidden=\"true\" class=\"fas fa-angle-right\"><\/i>\t\t\t\t\t\t<\/span>\n\t\t\t\t\t\t\t\t\t\t<span class=\"elementor-icon-list-text\">fizjoterapi\u0119<\/span>\n\t\t\t\t\t\t\t\t\t<\/li>\n\t\t\t\t\t\t\t\t<li class=\"elementor-icon-list-item\">\n\t\t\t\t\t\t\t\t\t\t\t<span class=\"elementor-icon-list-icon\">\n\t\t\t\t\t\t\t<i aria-hidden=\"true\" class=\"fas fa-angle-right\"><\/i>\t\t\t\t\t\t<\/span>\n\t\t\t\t\t\t\t\t\t\t<span class=\"elementor-icon-list-text\">porad\u0119 psychologa<\/span>\n\t\t\t\t\t\t\t\t\t<\/li>\n\t\t\t\t\t\t\t\t<li class=\"elementor-icon-list-item\">\n\t\t\t\t\t\t\t\t\t\t\t<span class=\"elementor-icon-list-icon\">\n\t\t\t\t\t\t\t<i aria-hidden=\"true\" class=\"fas fa-angle-right\"><\/i>\t\t\t\t\t\t<\/span>\n\t\t\t\t\t\t\t\t\t\t<span class=\"elementor-icon-list-text\">porad\u0119 lekarza<\/span>\n\t\t\t\t\t\t\t\t\t<\/li>\n\t\t\t\t\t\t\t\t<li class=\"elementor-icon-list-item\">\n\t\t\t\t\t\t\t\t\t\t\t<span class=\"elementor-icon-list-icon\">\n\t\t\t\t\t\t\t<i aria-hidden=\"true\" class=\"fas fa-angle-right\"><\/i>\t\t\t\t\t\t<\/span>\n\t\t\t\t\t\t\t\t\t\t<span class=\"elementor-icon-list-text\">pomoc pracownika socjalnego<\/span>\n\t\t\t\t\t\t\t\t\t<\/li>\n\t\t\t\t\t\t\t\t<li class=\"elementor-icon-list-item\">\n\t\t\t\t\t\t\t\t\t\t\t<span class=\"elementor-icon-list-icon\">\n\t\t\t\t\t\t\t<i aria-hidden=\"true\" class=\"fas fa-angle-right\"><\/i>\t\t\t\t\t\t<\/span>\n\t\t\t\t\t\t\t\t\t\t<span class=\"elementor-icon-list-text\">udzia\u0142 w grupie wsparcia<\/span>\n\t\t\t\t\t\t\t\t\t<\/li>\n\t\t\t\t\t\t\t\t<li class=\"elementor-icon-list-item\">\n\t\t\t\t\t\t\t\t\t\t\t<span class=\"elementor-icon-list-icon\">\n\t\t\t\t\t\t\t<i aria-hidden=\"true\" class=\"fas fa-angle-right\"><\/i>\t\t\t\t\t\t<\/span>\n\t\t\t\t\t\t\t\t\t\t<span class=\"elementor-icon-list-text\">szkolenia w zakresie opieki nad osob\u0105 niesamodzieln\u0105 w miejscu jej zamieszkani<\/span>\n\t\t\t\t\t\t\t\t\t<\/li>\n\t\t\t\t\t\t\t\t<li class=\"elementor-icon-list-item\">\n\t\t\t\t\t\t\t\t\t\t\t<span class=\"elementor-icon-list-icon\">\n\t\t\t\t\t\t\t<i aria-hidden=\"true\" class=\"fas fa-angle-right\"><\/i>\t\t\t\t\t\t<\/span>\n\t\t\t\t\t\t\t\t\t\t<span class=\"elementor-icon-list-text\">us\u0142ugi piel\u0119gniarskie<\/span>\n\t\t\t\t\t\t\t\t\t<\/li>\n\t\t\t\t\t\t<\/ul>\n\t\t\t\t\t\t<\/div>\n\t\t\t\t<\/div>\n\t\t\t\t<div class=\"elementor-element elementor-element-0e67dc8 aux-appear-watch-animation aux-fade-in-up-1 elementor-widget elementor-widget-text-editor\" data-id=\"0e67dc8\" data-element_type=\"widget\" data-e-type=\"widget\" data-widget_type=\"text-editor.default\">\n\t\t\t\t<div class=\"elementor-widget-container\">\n\t\t\t\t\t\t\t\t\t<p>Wspornik realizowany b\u0119dzie do 31.10.2026 r., a jego finansowanie zapewni Gmina Krak\u00f3w, b\u0119d\u0105ca partnerem Fundacji Pe\u0142nej \u017bycia w realizacji projektu.<\/p><p>Krakowskie Centrum Informacji i Wsparcia dla Opiekun\u00f3w Os\u00f3b Niesamodzielnych &#8211; \u201eOpieka odci\u0105\u017ceniowa w miejscu zamieszkania osoby niesamodzielnej oraz wsparcie doradczo \u2013 informacyjne opiekun\u00f3w faktycznych os\u00f3b niesamodzielnych i ich podopiecznych zamieszka\u0142ych na terenie Gminy Miejskiej Krak\u00f3w.\u201d prowadzony przez Fundacj\u0119 Pe\u0142n\u0105 \u017bycia jako zadanie zlecone w ramach zada\u0144 publicznych Miasta Krakowa.<\/p><p>http:\/\/www.wsparciekrakow.pl\/<\/p>\t\t\t\t\t\t\t\t<\/div>\n\t\t\t\t<\/div>\n\t\t\t\t\t<\/div>\n\t\t<\/div>\n\t\t\t\t<div class=\"aux-parallax-section elementor-column elementor-col-33 elementor-top-column elementor-element elementor-element-e585d64\" data-id=\"e585d64\" data-element_type=\"column\" data-e-type=\"column\">\n\t\t\t<div class=\"elementor-widget-wrap elementor-element-populated\">\n\t\t\t\t\t\t<div class=\"elementor-element elementor-element-325d596 elementor-widget elementor-widget-aux_image\" data-id=\"325d596\" data-element_type=\"widget\" data-e-type=\"widget\" data-widget_type=\"aux_image.default\">\n\t\t\t\t<div class=\"elementor-widget-container\">\n\t\t\t\t\t<section class=\"widget-container aux-widget-image aux-alignnone aux-parent-aub0bdcac4\">\n    <div class=\"aux-media-hint-frame \">\n        <div class=\"aux-media-image \" >\n        \n            \n\n            \n            <img decoding=\"async\" width=\"410\" height=\"534\" src=\"image\/gif;base64,R0lGODlhAQABAIAAAAAAAP\/\/\/yH5BAEAAAAALAAAAAABAAEAAAIBRAA7\" class=\"aux-attachment aux-featured-image aux-attachment-id-504 aux-preload aux-blank\" alt=\"zdj\u0119cie kobiety pracuj\u0105cej przy laptopie\" data-ratio=\"0.77\" data-original-w=\"1024\" sizes=\"auto\" data-srcset=\"https:\/\/wspornik.org\/wp-content\/uploads\/2023\/09\/21-150x195.jpg 150w,https:\/\/wspornik.org\/wp-content\/uploads\/2023\/09\/21-300x391.jpg 300w,https:\/\/wspornik.org\/wp-content\/uploads\/2023\/09\/21-768x1000.jpg 768w,https:\/\/wspornik.org\/wp-content\/uploads\/2023\/09\/21-410x534.jpg 410w\" data-src=\"https:\/\/wspornik.org\/wp-content\/uploads\/2023\/09\/21-410x534.jpg\" \/>            \n                <\/div>\n    <\/div>\n\n<\/section><!-- widget-container -->\t\t\t\t<\/div>\n\t\t\t\t<\/div>\n\t\t\t\t\t<\/div>\n\t\t<\/div>\n\t\t\t\t<div class=\"aux-parallax-section elementor-column elementor-col-33 elementor-top-column elementor-element elementor-element-420ced2\" data-id=\"420ced2\" data-element_type=\"column\" data-e-type=\"column\">\n\t\t\t<div class=\"elementor-widget-wrap elementor-element-populated\">\n\t\t\t\t\t\t<div class=\"elementor-element elementor-element-a25303a aux-appear-watch-animation aux-scale-down elementor-widget elementor-widget-aux_image\" data-id=\"a25303a\" data-element_type=\"widget\" data-e-type=\"widget\" data-widget_type=\"aux_image.default\">\n\t\t\t\t<div class=\"elementor-widget-container\">\n\t\t\t\t\t<section class=\"widget-container aux-widget-image aux-alignnone aux-parent-au7370afac\">\n    <div class=\"aux-media-hint-frame \">\n        <div class=\"aux-media-image \" >\n        \n            \n\n            \n            <img loading=\"lazy\" decoding=\"async\" width=\"768\" height=\"683\" src=\"image\/gif;base64,R0lGODlhAQABAIAAAAAAAP\/\/\/yH5BAEAAAAALAAAAAABAAEAAAIBRAA7\" class=\"aux-attachment aux-featured-image aux-attachment-id-503 aux-preload aux-blank\" alt=\"zdj\u0119cie ca\u0142ego zespo\u0142u podczas konsultacji\" data-ratio=\"1\" data-original-w=\"1024\" sizes=\"auto\" data-srcset=\"https:\/\/wspornik.org\/wp-content\/uploads\/2023\/09\/20-1-150x150.jpg 150w,https:\/\/wspornik.org\/wp-content\/uploads\/2023\/09\/20-1-300x300.jpg 300w,https:\/\/wspornik.org\/wp-content\/uploads\/2023\/09\/20-1-768x683.jpg 768w,https:\/\/wspornik.org\/wp-content\/uploads\/2023\/09\/20-1-768x683.jpg 768w\" data-src=\"https:\/\/wspornik.org\/wp-content\/uploads\/2023\/09\/20-1-768x683.jpg\" \/>            \n                <\/div>\n    <\/div>\n\n<\/section><!-- widget-container -->\t\t\t\t<\/div>\n\t\t\t\t<\/div>\n\t\t\t\t\t<\/div>\n\t\t<\/div>\n\t\t\t\t\t<\/div>\n\t\t<\/section>\n\t\t\t\t<\/div>\n\t\t","protected":false},"excerpt":{"rendered":"<p>Wspornik Punkt Wsparcia Opiekun\u00f3w Projekt Wspornik skierowany jest do mieszkaj\u0105cych w Krakowie rodzin i opiekun\u00f3w faktycznych opiekuj\u0105cych si\u0119 d\u0142ugoterminowo osob\u0105 niesamodzieln\u0105. Wspornik rozwija i poszerza do\u015bwiadczenia z realizacji Krakowskiego Centrum Informacji i Wsparcia dla Opiekun\u00f3w Os\u00f3b Niesamodzielnych, w kt\u00f3rym do stycznia 2021 pomoc otrzyma\u0142o ju\u017c prawie 1000 os\u00f3b. Autorem i liderem obu projekt\u00f3w jest Fundacja [&hellip;]<\/p>\n","protected":false},"author":1,"featured_media":0,"parent":0,"menu_order":0,"comment_status":"closed","ping_status":"closed","template":"templates\/page-builder-content.php","meta":{"footnotes":""},"class_list":["post-128","page","type-page","status-publish","hentry"],"_links":{"self":[{"href":"https:\/\/wspornik.org\/index.php\/wp-json\/wp\/v2\/pages\/128","targetHints":{"allow":["GET"]}}],"collection":[{"href":"https:\/\/wspornik.org\/index.php\/wp-json\/wp\/v2\/pages"}],"about":[{"href":"https:\/\/wspornik.org\/index.php\/wp-json\/wp\/v2\/types\/page"}],"author":[{"embeddable":true,"href":"https:\/\/wspornik.org\/index.php\/wp-json\/wp\/v2\/users\/1"}],"replies":[{"embeddable":true,"href":"https:\/\/wspornik.org\/index.php\/wp-json\/wp\/v2\/comments?post=128"}],"version-history":[{"count":47,"href":"https:\/\/wspornik.org\/index.php\/wp-json\/wp\/v2\/pages\/128\/revisions"}],"predecessor-version":[{"id":1485,"href":"https:\/\/wspornik.org\/index.php\/wp-json\/wp\/v2\/pages\/128\/revisions\/1485"}],"wp:attachment":[{"href":"https:\/\/wspornik.org\/index.php\/wp-json\/wp\/v2\/media?parent=128"}],"curies":[{"name":"wp","href":"https:\/\/api.w.org\/{rel}","templated":true}]}}